{"id":280,"date":"2025-02-14T10:08:07","date_gmt":"2025-02-14T10:08:07","guid":{"rendered":"https:\/\/positivelyfluent.com\/?page_id=280"},"modified":"2025-03-14T13:12:06","modified_gmt":"2025-03-14T13:12:06","slug":"sign-up","status":"publish","type":"page","link":"https:\/\/positivelyfluent.com\/de\/sign-up\/","title":{"rendered":"Buche eine Probestunde"},"content":{"rendered":"<h1 class=\"wp-block-heading\">Melde dich f\u00fcr eine Probestunde an<\/h1>\n\n\n\n<div class=\"wp-block-group has-global-padding is-layout-constrained wp-block-group-is-layout-constrained\">\n<div class=\"forminator-guttenberg\"><div class=\"forminator-ui forminator-custom-form forminator-custom-form-945 forminator-design--flat  forminator_ajax\" data-forminator-render=\"0\" data-form=\"forminator-module-945\" data-uid=\"6a0225f2662e6\"><br\/><\/div><form\n\t\t\t\tid=\"forminator-module-945\"\n\t\t\t\tclass=\"forminator-ui forminator-custom-form forminator-custom-form-945 forminator-design--flat  forminator_ajax\"\n\t\t\t\tmethod=\"post\"\n\t\t\t\tdata-forminator-render=\"0\"\n\t\t\t\tdata-form-id=\"945\"\n\t\t\t\t data-color-option=\"theme\" data-design=\"flat\" data-grid=\"open\" style=\"display: none;\"\n\t\t\t\tdata-uid=\"6a0225f2662e6\" action=\"\"\n\t\t\t><div role=\"alert\" aria-live=\"polite\" class=\"forminator-response-message forminator-error\" aria-hidden=\"true\"><\/div><div class=\"forminator-row\"><div id=\"name-1\" class=\"forminator-field-name forminator-col forminator-col-12\"><div class=\"forminator-field\"><label for=\"forminator-field-name-1_6a0225f2662e6\" id=\"forminator-field-name-1_6a0225f2662e6-label\" class=\"forminator-label\">Vorname <span class=\"forminator-required\">*<\/span><\/label><input type=\"text\" name=\"name-1\" value=\"\" placeholder=\"z. B. John\" id=\"forminator-field-name-1_6a0225f2662e6\" class=\"forminator-input forminator-name--field\" aria-required=\"true\" autocomplete=\"name\" \/><\/div><\/div><\/div><div class=\"forminator-row\"><div id=\"name-2\" class=\"forminator-field-name forminator-col forminator-col-12\"><div class=\"forminator-field\"><label for=\"forminator-field-name-2_6a0225f2662e6\" id=\"forminator-field-name-2_6a0225f2662e6-label\" class=\"forminator-label\">Nachname <span class=\"forminator-required\">*<\/span><\/label><input type=\"text\" name=\"name-2\" value=\"\" placeholder=\"z. B. Doe\" id=\"forminator-field-name-2_6a0225f2662e6\" class=\"forminator-input forminator-name--field\" aria-required=\"true\" autocomplete=\"name\" \/><\/div><\/div><\/div><div class=\"forminator-row\"><div id=\"email-1\" class=\"forminator-field-email forminator-col forminator-col-12\"><div class=\"forminator-field\"><label for=\"forminator-field-email-1_6a0225f2662e6\" id=\"forminator-field-email-1_6a0225f2662e6-label\" class=\"forminator-label\">E-Mail-Adresse <span class=\"forminator-required\">*<\/span><\/label><input type=\"email\" name=\"email-1\" value=\"\" placeholder=\"z. B. john@doe.com\" id=\"forminator-field-email-1_6a0225f2662e6\" class=\"forminator-input forminator-email--field\" data-required=\"true\" aria-required=\"true\" autocomplete=\"email\" \/><\/div><\/div><\/div><div class=\"forminator-row\"><div id=\"phone-1\" class=\"forminator-field-phone forminator-col forminator-col-12\"><div class=\"forminator-field\"><label for=\"forminator-field-phone-1_6a0225f2662e6\" id=\"forminator-field-phone-1_6a0225f2662e6-label\" class=\"forminator-label\">Telefonnummer <span class=\"forminator-required\">*<\/span><\/label><input type=\"text\" name=\"phone-1\" value=\"\" placeholder=\"z. B. +1 3004005000\" id=\"forminator-field-phone-1_6a0225f2662e6\" class=\"forminator-input forminator-field--phone\" data-required=\"1\" aria-required=\"true\" autocomplete=\"off\" data-national_mode=\"disabled\" data-country=\"de\" data-validation=\"international\" \/><\/div><\/div><\/div><div class=\"forminator-row\"><div id=\"select-1\" class=\"forminator-field-select forminator-col forminator-col-12\"><div class=\"forminator-field\"><label for=\"forminator-form-945__field--select-1_6a0225f2662e6\" id=\"forminator-form-945__field--select-1_6a0225f2662e6-label\" class=\"forminator-label\">Was ist dein gesch\u00e4tztes Englischniveau? <span class=\"forminator-required\">*<\/span><\/label><select  id=\"forminator-form-945__field--select-1_6a0225f2662e6\" class=\"forminator-select--field forminator-select2 forminator-select2-multiple\" data-required=\"1\" name=\"select-1\" data-default-value=\"\" data-hidden-behavior=\"zero\" data-placeholder=\"Please select an option\" data-search=\"false\" data-search-placeholder=\"Please select an option\" data-checkbox=\"false\" data-allow-clear=\"false\" aria-labelledby=\"forminator-form-945__field--select-1_6a0225f2662e6-label\"><option value=\"\"  >Bitte w\u00e4hle eine Option aus<\/option><option value=\"one\"  data-calculation=\"0\">Keine Kenntnisse<\/option><option value=\"two\"  data-calculation=\"0\">A1 \u2013 Anf\u00e4nger (Grundlegende W\u00f6rter und S\u00e4tze)<\/option><option value=\"A2---Elementary-(Simple-conversations)\"  data-calculation=\"0\">A2 \u2013 Grundstufe (Einfache Gespr\u00e4che)<\/option><option value=\"B1---Intermediate-(Everyday-communication)\"  data-calculation=\"0\">B1 \u2013 Mittelstufe (Allt\u00e4gliche Kommunikation)<\/option><option value=\"B2---Upper-intermediate-(Confident-speaker)\"  data-calculation=\"0\">B2 \u2013 Obere Mittelstufe (Selbstbewusster Sprecher)<\/option><option value=\"C1---Advanced-(Fluent-and-natural)\"  data-calculation=\"0\">C1 \u2013 Fortgeschrittene (Flie\u00dfend und nat\u00fcrlich)<\/option><option value=\"I&#039;m-not-sure\"  data-calculation=\"0\">Wei\u00df ich nicht<\/option><\/select><\/div><\/div><\/div><div class=\"forminator-row\"><div id=\"date-1\" class=\"forminator-field-date forminator-col forminator-col-12\"><div class=\"forminator-field\"><label for=\"forminator-field-date-1-picker_6a0225f2662e6\" id=\"forminator-field-date-1-picker_6a0225f2662e6-label\" class=\"forminator-label\">Datum 1 f\u00fcr eine m\u00f6gliche Probestunde <span class=\"forminator-required\">*<\/span><\/label><input autocomplete=\"off\" type=\"text\" size=\"1\" name=\"date-1\" value=\"\" placeholder=\"Bitte w\u00e4hle ein Datum aus\" id=\"forminator-field-date-1-picker_6a0225f2662e6\" class=\"forminator-input forminator-datepicker\" data-required=\"1\" data-format=\"mm\/dd\/yy\" data-restrict-type=\"week\" data-restrict=\"0,6\" data-start-year=\"1926\" data-end-year=\"2126\" data-past-dates=\"enable\" data-start-of-week=\"1\" data-start-date=\"\" data-end-date=\"\" data-start-field=\"\" data-end-field=\"\" data-start-offset=\"\" data-end-offset=\"\" data-disable-date=\"\" data-disable-range=\"\" \/><\/div><\/div><\/div><div class=\"forminator-row\"><div id=\"text-1\" class=\"forminator-field-text forminator-col forminator-col-12\"><div class=\"forminator-field\"><label for=\"forminator-field-text-1_6a0225f2662e6\" id=\"forminator-field-text-1_6a0225f2662e6-label\" class=\"forminator-label\">M\u00f6gliche Zeitfenster f\u00fcr eine Stunde am Datum 1 <span class=\"forminator-required\">*<\/span><\/label><span id=\"forminator-field-text-1_6a0225f2662e6-description\" class=\"forminator-description\">Bitte gib alle Zeitfenster an, in denen du eine 45-min\u00fctige Probestunde machen kannst.<\/span><input type=\"text\" name=\"text-1\" value=\"\" placeholder=\"z. B. 9:00 - 11:00, 13:00 - 14:00\" id=\"forminator-field-text-1_6a0225f2662e6\" class=\"forminator-input forminator-name--field\" data-required=\"1\" aria-describedby=\"forminator-field-text-1_6a0225f2662e6-description\" \/><\/div><\/div><\/div><div class=\"forminator-row\"><div id=\"date-2\" class=\"forminator-field-date forminator-col forminator-col-12\"><div class=\"forminator-field\"><label for=\"forminator-field-date-2-picker_6a0225f2662e6\" id=\"forminator-field-date-2-picker_6a0225f2662e6-label\" class=\"forminator-label\">Datum 2 f\u00fcr eine m\u00f6gliche Probestunde <span class=\"forminator-required\">*<\/span><\/label><input autocomplete=\"off\" type=\"text\" size=\"1\" name=\"date-2\" value=\"\" placeholder=\"Bitte w\u00e4hle ein Datum aus\" id=\"forminator-field-date-2-picker_6a0225f2662e6\" class=\"forminator-input forminator-datepicker\" data-required=\"1\" data-format=\"mm\/dd\/yy\" data-restrict-type=\"week\" data-restrict=\"0,6\" data-start-year=\"1926\" data-end-year=\"2126\" data-past-dates=\"enable\" data-start-of-week=\"1\" data-start-date=\"\" data-end-date=\"\" data-start-field=\"\" data-end-field=\"\" data-start-offset=\"\" data-end-offset=\"\" data-disable-date=\"\" data-disable-range=\"\" \/><\/div><\/div><\/div><div class=\"forminator-row\"><div id=\"text-2\" class=\"forminator-field-text forminator-col forminator-col-12\"><div class=\"forminator-field\"><label for=\"forminator-field-text-2_6a0225f2662e6\" id=\"forminator-field-text-2_6a0225f2662e6-label\" class=\"forminator-label\">M\u00f6gliche Zeitfenster f\u00fcr eine Stunde am Datum 2 <span class=\"forminator-required\">*<\/span><\/label><span id=\"forminator-field-text-2_6a0225f2662e6-description\" class=\"forminator-description\">Bitte gib alle Zeitfenster an, in denen du eine 45-min\u00fctige Probestunde machen kannst.<\/span><input type=\"text\" name=\"text-2\" value=\"\" placeholder=\"z. B. 9:00 - 11:00, 13:00 - 14:00\" id=\"forminator-field-text-2_6a0225f2662e6\" class=\"forminator-input forminator-name--field\" data-required=\"1\" aria-describedby=\"forminator-field-text-2_6a0225f2662e6-description\" \/><\/div><\/div><\/div><div class=\"forminator-row\"><div id=\"date-3\" class=\"forminator-field-date forminator-col forminator-col-12\"><div class=\"forminator-field\"><label for=\"forminator-field-date-3-picker_6a0225f2662e6\" id=\"forminator-field-date-3-picker_6a0225f2662e6-label\" class=\"forminator-label\">Datum 3 f\u00fcr eine m\u00f6gliche Probestunde <span class=\"forminator-required\">*<\/span><\/label><input autocomplete=\"off\" type=\"text\" size=\"1\" name=\"date-3\" value=\"\" placeholder=\"Bitte w\u00e4hle ein Datum aus\" id=\"forminator-field-date-3-picker_6a0225f2662e6\" class=\"forminator-input forminator-datepicker\" data-required=\"1\" data-format=\"mm\/dd\/yy\" data-restrict-type=\"week\" data-restrict=\"0,6\" data-start-year=\"1926\" data-end-year=\"2126\" data-past-dates=\"enable\" data-start-of-week=\"1\" data-start-date=\"\" data-end-date=\"\" data-start-field=\"\" data-end-field=\"\" data-start-offset=\"\" data-end-offset=\"\" data-disable-date=\"\" data-disable-range=\"\" \/><\/div><\/div><\/div><div class=\"forminator-row\"><div id=\"text-3\" class=\"forminator-field-text forminator-col forminator-col-12\"><div class=\"forminator-field\"><label for=\"forminator-field-text-3_6a0225f2662e6\" id=\"forminator-field-text-3_6a0225f2662e6-label\" class=\"forminator-label\">M\u00f6gliche Zeitfenster f\u00fcr eine Stunde am Datum 3 <span class=\"forminator-required\">*<\/span><\/label><span id=\"forminator-field-text-3_6a0225f2662e6-description\" class=\"forminator-description\">Bitte gib alle Zeitfenster an, in denen du eine 45-min\u00fctige Probestunde machen kannst.<\/span><input type=\"text\" name=\"text-3\" value=\"\" placeholder=\"z. B. 9:00 - 11:00, 13:00 - 14:00\" id=\"forminator-field-text-3_6a0225f2662e6\" class=\"forminator-input forminator-name--field\" data-required=\"1\" aria-describedby=\"forminator-field-text-3_6a0225f2662e6-description\" \/><\/div><\/div><\/div><div class=\"forminator-row\"><div id=\"textarea-2\" class=\"forminator-field-textarea forminator-col forminator-col-12\"><div class=\"forminator-field\"><label for=\"forminator-field-textarea-2_6a0225f2662e6\" id=\"forminator-field-textarea-2_6a0225f2662e6-label\" class=\"forminator-label\">Was sind deine pers\u00f6nlichen Ziele oder gibt es etwas anderes, das wir wissen sollten? <span class=\"forminator-required\">*<\/span><\/label><textarea name=\"textarea-2\" placeholder=\"\" id=\"forminator-field-textarea-2_6a0225f2662e6\" class=\"forminator-textarea\" rows=\"6\" style=\"--forminator-textarea-min-height:140px;\" ><\/textarea><\/div><\/div><\/div><input type=\"hidden\" name=\"referer_url\" value=\"\" \/><div class=\"forminator-row forminator-row-last\"><div class=\"forminator-col\"><div class=\"forminator-field\"><button class=\"forminator-button forminator-button-submit\">Buche Probestunde jetzt<\/button><\/div><\/div><\/div><input type=\"hidden\" id=\"forminator_nonce\" name=\"forminator_nonce\" value=\"f6cd173337\" \/><input type=\"hidden\" name=\"_wp_http_referer\" value=\"\/de\/wp-json\/wp\/v2\/pages\/280\" \/><input type=\"hidden\" name=\"form_id\" value=\"945\"><input type=\"hidden\" name=\"page_id\" value=\"280\"><input type=\"hidden\" name=\"form_type\" value=\"default\"><input type=\"hidden\" name=\"current_url\" value=\"https:\/\/positivelyfluent.com\/de\/sign-up\/\"><input type=\"hidden\" name=\"render_id\" value=\"0\"><input type=\"hidden\" name=\"action\" value=\"forminator_submit_form_custom-forms\"><input type=\"hidden\" name=\"trp-form-language\" value=\"de\"\/><\/form><\/div>\n<\/div>","protected":false},"excerpt":{"rendered":"<p>Melde dich f\u00fcr eine Probestunde an<\/p>","protected":false},"author":1,"featured_media":0,"parent":0,"menu_order":0,"comment_status":"closed","ping_status":"closed","template":"wp-custom-template-sign-up","meta":{"footnotes":""},"class_list":["post-280","page","type-page","status-publish","hentry"],"yoast_head":"<!-- This site is optimized with the Yoast SEO plugin v24.6 - https:\/\/yoast.com\/wordpress\/plugins\/seo\/ -->\n<title>Sign-Up for Lessons - Positively Fluent<\/title>\n<meta name=\"robots\" content=\"index, follow, max-snippet:-1, max-image-preview:large, max-video-preview:-1\" \/>\n<link rel=\"canonical\" href=\"https:\/\/positivelyfluent.com\/de\/sign-up\/\" \/>\n<meta property=\"og:locale\" content=\"de_DE\" \/>\n<meta property=\"og:type\" content=\"article\" \/>\n<meta property=\"og:title\" content=\"Sign-Up for Lessons - Positively Fluent\" \/>\n<meta property=\"og:description\" content=\"Sign-Up for a Trial Lesson\" \/>\n<meta property=\"og:url\" content=\"https:\/\/positivelyfluent.com\/de\/sign-up\/\" \/>\n<meta property=\"og:site_name\" content=\"Positively Fluent\" \/>\n<meta property=\"article:modified_time\" content=\"2025-03-14T13:12:06+00:00\" \/>\n<meta name=\"twitter:card\" content=\"summary_large_image\" \/>\n<meta name=\"twitter:label1\" content=\"Gesch\u00e4tzte Lesezeit\" \/>\n\t<meta name=\"twitter:data1\" content=\"1\u00a0Minute\" \/>\n<script type=\"application\/ld+json\" class=\"yoast-schema-graph\">{\"@context\":\"https:\/\/schema.org\",\"@graph\":[{\"@type\":\"WebPage\",\"@id\":\"https:\/\/positivelyfluent.com\/sign-up\/\",\"url\":\"https:\/\/positivelyfluent.com\/sign-up\/\",\"name\":\"Sign-Up for Lessons - Positively Fluent\",\"isPartOf\":{\"@id\":\"https:\/\/positivelyfluent.com\/#website\"},\"datePublished\":\"2025-02-14T10:08:07+00:00\",\"dateModified\":\"2025-03-14T13:12:06+00:00\",\"breadcrumb\":{\"@id\":\"https:\/\/positivelyfluent.com\/sign-up\/#breadcrumb\"},\"inLanguage\":\"de\",\"potentialAction\":[{\"@type\":\"ReadAction\",\"target\":[\"https:\/\/positivelyfluent.com\/sign-up\/\"]}]},{\"@type\":\"BreadcrumbList\",\"@id\":\"https:\/\/positivelyfluent.com\/sign-up\/#breadcrumb\",\"itemListElement\":[{\"@type\":\"ListItem\",\"position\":1,\"name\":\"Home\",\"item\":\"https:\/\/positivelyfluent.com\/\"},{\"@type\":\"ListItem\",\"position\":2,\"name\":\"Sign-Up for Lessons\"}]},{\"@type\":\"WebSite\",\"@id\":\"https:\/\/positivelyfluent.com\/#website\",\"url\":\"https:\/\/positivelyfluent.com\/\",\"name\":\"Positively Fluent\",\"description\":\"Your Ultimate Destination for English Learning\",\"publisher\":{\"@id\":\"https:\/\/positivelyfluent.com\/#organization\"},\"potentialAction\":[{\"@type\":\"SearchAction\",\"target\":{\"@type\":\"EntryPoint\",\"urlTemplate\":\"https:\/\/positivelyfluent.com\/?s={search_term_string}\"},\"query-input\":{\"@type\":\"PropertyValueSpecification\",\"valueRequired\":true,\"valueName\":\"search_term_string\"}}],\"inLanguage\":\"de\"},{\"@type\":\"Organization\",\"@id\":\"https:\/\/positivelyfluent.com\/#organization\",\"name\":\"Positively Fluent\",\"url\":\"https:\/\/positivelyfluent.com\/\",\"logo\":{\"@type\":\"ImageObject\",\"inLanguage\":\"de\",\"@id\":\"https:\/\/positivelyfluent.com\/#\/schema\/logo\/image\/\",\"url\":\"https:\/\/positivelyfluent.com\/wp-content\/uploads\/2025\/02\/Positively-Fluent-Logo-square-transparent.png\",\"contentUrl\":\"https:\/\/positivelyfluent.com\/wp-content\/uploads\/2025\/02\/Positively-Fluent-Logo-square-transparent.png\",\"width\":500,\"height\":500,\"caption\":\"Positively Fluent\"},\"image\":{\"@id\":\"https:\/\/positivelyfluent.com\/#\/schema\/logo\/image\/\"},\"sameAs\":[\"https:\/\/www.instagram.com\/positivelyfluent?igsh=MXU5b2J4aXFlODdveQ&utm_source=qr\",\"https:\/\/www.tiktok.com\/@positivelyfluent?_t=ZM-8tu1lD7lT42&_r=1\"]}]}<\/script>\n<!-- \/ Yoast SEO plugin. -->","yoast_head_json":{"title":"Sign-Up for Lessons - Positively Fluent","robots":{"index":"index","follow":"follow","max-snippet":"max-snippet:-1","max-image-preview":"max-image-preview:large","max-video-preview":"max-video-preview:-1"},"canonical":"https:\/\/positivelyfluent.com\/de\/sign-up\/","og_locale":"de_DE","og_type":"article","og_title":"Sign-Up for Lessons - Positively Fluent","og_description":"Sign-Up for a Trial Lesson","og_url":"https:\/\/positivelyfluent.com\/de\/sign-up\/","og_site_name":"Positively Fluent","article_modified_time":"2025-03-14T13:12:06+00:00","twitter_card":"summary_large_image","twitter_misc":{"Gesch\u00e4tzte Lesezeit":"1\u00a0Minute"},"schema":{"@context":"https:\/\/schema.org","@graph":[{"@type":"WebPage","@id":"https:\/\/positivelyfluent.com\/sign-up\/","url":"https:\/\/positivelyfluent.com\/sign-up\/","name":"Sign-Up for Lessons - Positively Fluent","isPartOf":{"@id":"https:\/\/positivelyfluent.com\/#website"},"datePublished":"2025-02-14T10:08:07+00:00","dateModified":"2025-03-14T13:12:06+00:00","breadcrumb":{"@id":"https:\/\/positivelyfluent.com\/sign-up\/#breadcrumb"},"inLanguage":"de","potentialAction":[{"@type":"ReadAction","target":["https:\/\/positivelyfluent.com\/sign-up\/"]}]},{"@type":"BreadcrumbList","@id":"https:\/\/positivelyfluent.com\/sign-up\/#breadcrumb","itemListElement":[{"@type":"ListItem","position":1,"name":"Home","item":"https:\/\/positivelyfluent.com\/"},{"@type":"ListItem","position":2,"name":"Sign-Up for Lessons"}]},{"@type":"WebSite","@id":"https:\/\/positivelyfluent.com\/#website","url":"https:\/\/positivelyfluent.com\/","name":"Positively Fluent","description":"Dein Ultimatives Ziel f\u00fcr Englisch lernen","publisher":{"@id":"https:\/\/positivelyfluent.com\/#organization"},"potentialAction":[{"@type":"SearchAction","target":{"@type":"EntryPoint","urlTemplate":"https:\/\/positivelyfluent.com\/?s={search_term_string}"},"query-input":{"@type":"PropertyValueSpecification","valueRequired":true,"valueName":"search_term_string"}}],"inLanguage":"de"},{"@type":"Organization","@id":"https:\/\/positivelyfluent.com\/#organization","name":"Positively Fluent","url":"https:\/\/positivelyfluent.com\/","logo":{"@type":"ImageObject","inLanguage":"de","@id":"https:\/\/positivelyfluent.com\/#\/schema\/logo\/image\/","url":"https:\/\/positivelyfluent.com\/wp-content\/uploads\/2025\/02\/Positively-Fluent-Logo-square-transparent.png","contentUrl":"https:\/\/positivelyfluent.com\/wp-content\/uploads\/2025\/02\/Positively-Fluent-Logo-square-transparent.png","width":500,"height":500,"caption":"Positively Fluent"},"image":{"@id":"https:\/\/positivelyfluent.com\/#\/schema\/logo\/image\/"},"sameAs":["https:\/\/www.instagram.com\/positivelyfluent?igsh=MXU5b2J4aXFlODdveQ&utm_source=qr","https:\/\/www.tiktok.com\/@positivelyfluent?_t=ZM-8tu1lD7lT42&_r=1"]}]}},"_links":{"self":[{"href":"https:\/\/positivelyfluent.com\/de\/wp-json\/wp\/v2\/pages\/280","targetHints":{"allow":["GET"]}}],"collection":[{"href":"https:\/\/positivelyfluent.com\/de\/wp-json\/wp\/v2\/pages"}],"about":[{"href":"https:\/\/positivelyfluent.com\/de\/wp-json\/wp\/v2\/types\/page"}],"author":[{"embeddable":true,"href":"https:\/\/positivelyfluent.com\/de\/wp-json\/wp\/v2\/users\/1"}],"replies":[{"embeddable":true,"href":"https:\/\/positivelyfluent.com\/de\/wp-json\/wp\/v2\/comments?post=280"}],"version-history":[{"count":15,"href":"https:\/\/positivelyfluent.com\/de\/wp-json\/wp\/v2\/pages\/280\/revisions"}],"predecessor-version":[{"id":949,"href":"https:\/\/positivelyfluent.com\/de\/wp-json\/wp\/v2\/pages\/280\/revisions\/949"}],"wp:attachment":[{"href":"https:\/\/positivelyfluent.com\/de\/wp-json\/wp\/v2\/media?parent=280"}],"curies":[{"name":"wp","href":"https:\/\/api.w.org\/{rel}","templated":true}]}}