{"id":3,"date":"2025-02-10T10:58:55","date_gmt":"2025-02-10T10:58:55","guid":{"rendered":"https:\/\/positivelyfluent.com\/?page_id=3"},"modified":"2025-03-05T09:42:56","modified_gmt":"2025-03-05T09:42:56","slug":"privacy-policy","status":"publish","type":"page","link":"https:\/\/positivelyfluent.com\/de\/privacy-policy\/","title":{"rendered":"Datenschutz- und Cookie-Richtlinie"},"content":{"rendered":"<p><strong>Zuletzt aktualisiert am:<\/strong> 05. M\u00e4rz 2025<\/p>\n\n\n\n<p><strong>G\u00fcltigkeitsdatum:<\/strong> 05. M\u00e4rz 2025<\/p>\n\n\n\n<p>Diese Datenschutz- und Cookie-Richtlinie beschreibt die Richtlinien von <strong>Positively Fluent<\/strong> (\"wir\", \"uns\" oder \"unser\"), E-Mail: <a><strong>info@positivelyfluent.com<\/strong><\/a>, zur Erhebung, Nutzung, Offenlegung und Verwaltung Ihrer personenbezogenen Daten, wenn Sie unsere Website (<a>https:\/\/positivelyfluent.com<\/a>) (der \"Service\") nutzen. Durch den Zugriff auf oder die Nutzung des Services stimmen Sie der Erhebung, Nutzung und Offenlegung Ihrer Informationen gem\u00e4\u00df dieser Richtlinie zu. Wenn Sie nicht einverstanden sind, nutzen Sie den Service bitte nicht.<\/p>\n\n\n\n<p>Wir k\u00f6nnen diese Richtlinie jederzeit ohne vorherige Ank\u00fcndigung \u00e4ndern und die \u00fcberarbeitete Version auf dem Service ver\u00f6ffentlichen. Die \u00fcberarbeitete Richtlinie tritt 180 Tage nach der Ver\u00f6ffentlichung in Kraft, und Ihre fortgesetzte Nutzung des Services gilt als Zustimmung. Bitte \u00fcberpr\u00fcfen Sie diese Seite regelm\u00e4\u00dfig.<\/p>\n\n\n\n<h2 class=\"wp-block-heading\"><strong>1. Erhobene Informationen<\/strong><\/h2>\n\n\n\n<p>Wir erheben und verarbeiten die folgenden personenbezogenen Daten:<\/p>\n\n\n\n<ul class=\"wp-block-list\">\n<li>Vollst\u00e4ndige Namen<\/li>\n\n\n\n<li>E-Mail<\/li>\n\n\n\n<li>Mobilnummer<\/li>\n<\/ul>\n\n\n\n<h2 class=\"wp-block-heading\"><strong>2. Wie wir Ihre Informationen nutzen<\/strong><\/h2>\n\n\n\n<p>Wir verwenden die erhobenen Informationen f\u00fcr folgende Zwecke:<\/p>\n\n\n\n<ul class=\"wp-block-list\">\n<li>Erfahrungsberichte<\/li>\n\n\n\n<li>Sammlung von Kundenfeedbac<\/li>\n\n\n\n<li>Verwaltung<\/li>\n\n\n\n<li>Bearbeitung von Kundenbestellungen<\/li>\n\n\n\n<li>Benutzerkommentare<\/li>\n\n\n\n<li>Verwaltung von Benutzerkonten<\/li>\n<\/ul>\n\n\n\n<p>Wenn wir Ihre Informationen f\u00fcr andere Zwecke nutzen m\u00f6chten, holen wir vorher Ihre Zustimmung ein und verwenden diese nur f\u00fcr den angegebenen Zweck, sofern keine gesetzliche Verpflichtung zur anderweitigen Nutzung besteht.<\/p>\n\n\n\n<h2 class=\"wp-block-heading\"><strong>3. Weitergabe Ihrer Informationen<\/strong><\/h2>\n\n\n\n<p>Wir geben Ihre personenbezogenen Daten ohne Ihre Zustimmung nicht an Dritte weiter, au\u00dfer in den folgenden F\u00e4llen:<\/p>\n\n\n\n<ul class=\"wp-block-list\">\n<li>Werbedienste<\/li>\n\n\n\n<li>Analysedienste<\/li>\n<\/ul>\n\n\n\n<p>Wir verlangen von solchen Dritten, dass sie die von uns \u00fcbermittelten personenbezogenen Daten ausschlie\u00dflich f\u00fcr den Zweck verwenden, f\u00fcr den sie \u00fcbermittelt wurden, und sie nicht l\u00e4nger aufbewahren, als es zur Erf\u00fcllung dieses Zwecks erforderlich ist.<br>Wir k\u00f6nnen Ihre personenbezogenen Daten auch f\u00fcr Folgendes offenlegen:\n(1) Zur Einhaltung geltender Gesetze, Vorschriften, Gerichtsbeschl\u00fcsse oder anderer rechtlicher Verfahren.\n(2) Zur Durchsetzung unserer Vereinbarungen mit Ihnen, einschlie\u00dflich dieser Datenschutzrichtlinie.\n(3) Zur Beantwortung von Anspr\u00fcchen, dass Ihre Nutzung des Dienstes die Rechte Dritter verletzt.\n\nFalls der Dienst oder unser Unternehmen mit einem anderen Unternehmen fusioniert oder \u00fcbernommen wird, k\u00f6nnen Ihre Daten als Teil der \u00fcbertragenen Verm\u00f6genswerte an den neuen Eigent\u00fcmer weitergegeben werden.\u00a0<\/p>\n\n\n\n<h2 class=\"wp-block-heading\"><strong>4. Speicherung Ihrer Informationen<\/strong><\/h2>\n\n\n\n<p>Wir speichern Ihre personenbezogenen Daten 90 Tage bis 2 Jahre nach der Beendigung Ihres Kontos oder solange es f\u00fcr die in dieser Richtlinie beschriebenen Zwecke erforderlich ist. Einige Daten k\u00f6nnen aus rechtlichen oder Betrugspr\u00e4ventionsgr\u00fcnden l\u00e4nger gespeichert werden. Anonyme und aggregierte Informationen k\u00f6nnen unbegrenzt aufbewahrt werden.<\/p>\n\n\n\n<h2 class=\"wp-block-heading\"><strong>5. Ihre Rechte (DSGVO &amp; CCPA Konformit\u00e4t)<\/strong><\/h2>\n\n\n\n<p>Je nach geltendem Recht haben Sie das Recht auf:<\/p>\n\n\n\n<ul class=\"wp-block-list\">\n<li>Zugang, Berichtigung oder L\u00f6schung Ihrer personenbezogenen Daten<\/li>\n\n\n\n<li>Einschr\u00e4nkung oder Widerspruch gegen die Datenverarbeitung<\/li>\n\n\n\n<li>Daten\u00fcbertragbarkeit<\/li>\n\n\n\n<li>Widerruf Ihrer Einwilligung<\/li>\n\n\n\n<li>Beschwerde bei einer Datenschutzbeh\u00f6rde<\/li>\n<\/ul>\n\n\n\n<p>Um diese Rechte auszu\u00fcben, kontaktieren Sie uns unter <a><strong>info@positivelyfluent.com<\/strong><\/a>.<\/p>\n\n\n\n<p>Sie k\u00f6nnen sich von Direktmarketing abmelden, indem Sie uns schreiben. Beachten Sie, dass eine Einschr\u00e4nkung der Datenerhebung den Zugriff auf einige Dienste begrenzen kann.<\/p>\n\n\n\n<h2 class=\"wp-block-heading\"><strong>6. Sicherheit Ihrer Informationen<\/strong><\/h2>\n\n\n\n<p>Wir setzen angemessene Sicherheitsma\u00dfnahmen ein, um unbefugten Zugriff, Verlust oder Missbrauch Ihrer Daten zu verhindern. Absolute Sicherheit kann jedoch nicht garantiert werden, und die \u00dcbertragung erfolgt auf eigenes Risiko.<\/p>\n\n\n\n<h2 class=\"wp-block-heading\"><strong>7. Links zu Drittanbietern<\/strong><\/h2>\n\n\n\n<p>Unser Service kann Links zu externen Websites enthalten, die nicht von uns betrieben werden. Diese Datenschutzrichtlinie gilt nicht f\u00fcr die Datenschutzrichtlinien oder sonstigen Praktiken Dritter, einschlie\u00dflich solcher Dritter, die eine Website oder einen Dienst betreiben, der \u00fcber einen Link im Service zug\u00e4nglich ist. Wir sind nicht f\u00fcr deren Datenschutzrichtlinien oder -praktiken verantwortlich. Bitte \u00fcberpr\u00fcfen Sie deren Datenschutzrichtlinien separat.<\/p>\n\n\n\n<h2 class=\"wp-block-heading\"><strong>8. Cookie-Richtlinie<\/strong><\/h2>\n\n\n\n<h3 class=\"wp-block-heading\"><strong>Was sind Cookies?<\/strong><\/h3>\n\n\n\n<p>Cookies sind kleine Textdateien, die auf Ihrem Ger\u00e4t gespeichert werden, wenn Sie eine Website besuchen. Sie verbessern die Funktionalit\u00e4t, Sicherheit und Benutzererfahrung der Website. Wir verwenden sowohl Erstanbieter-Cookies (notwendig f\u00fcr die Funktionalit\u00e4t) als auch Drittanbieter-Cookies (Analyse, Werbung).<\/p>\n\n\n\n<h3 class=\"wp-block-heading\"><strong>Arten von Cookies, die wir verwenden<\/strong> Und wie wir sie verwenden<\/h3>\n\n\n\n<h3 class=\"wp-block-heading\"><strong>Notwendige Cookie<\/strong>s<\/h3>\n\n\n\n<p>Erforderlich, um die grundlegenden Funktionen dieser Seite zu aktivieren, wie z. B. die Bereitstellung eines sicheren Logins oder die Anpassung Ihrer Zustimmungspr\u00e4ferenzen. Diese Cookies speichern keine personenbezogenen Daten.<\/p>\n\n\n\n<figure class=\"wp-block-table\"><table class=\"has-fixed-layout\"><tbody><tr><td>Cookie<\/td><td>Dauer<\/td><td>Beschreibung<\/td><\/tr><tr><td>wpEmojiSettingsSupports<\/td><td>Session<\/td><td>WordPress setzt dieses Cookie, wenn ein Nutzer mit Emojis auf einer WordPress-Seite interagiert. Es hilft festzustellen, ob der Browser des Nutzers Emojis korrekt anzeigen kann.<\/td><\/tr><tr><td>cookieyes-consent<\/td><td>1 Jahr<\/td><td>CookieYes setzt dieses Cookie, um die Zustimmungspr\u00e4ferenzen der Nutzer zu speichern, damit ihre Pr\u00e4ferenzen bei zuk\u00fcnftigen Besuchen dieser Seite respektiert werden. Es sammelt oder speichert keine pers\u00f6nlichen Informationen \u00fcber die Seitenbesucher.<\/td><\/tr><\/tbody><\/table><\/figure>\n\n\n\n<h3 class=\"wp-block-heading\"><strong>Analyse Cookies<\/strong><\/h3>\n\n\n\n<p>Wird verwendet, um zu verstehen, wie Besucher mit der Website interagieren. Diese Cookies helfen dabei, Informationen zu Kennzahlen wie der Anzahl der Besucher, der Absprungrate, der Traffic-Quelle usw. bereitzustellen.<\/p>\n\n\n\n<figure class=\"wp-block-table\"><table class=\"has-fixed-layout\"><tbody><tr><td>Cookie<\/td><td>Dauer<\/td><td>Beschreibung<\/td><\/tr><tr><td>_ga_*<\/td><td>1 Jahr, 1 Monat, 4 Tage<\/td><td>Google Analytics setzt dieses Cookie, um Seitenaufrufe zu speichern und zu z\u00e4hlen.<\/td><\/tr><tr><td>_ga<\/td><td>1 Jahr, 1 Monat, 4 Tage<\/td><td>Google Analytics setzt dieses Cookie, um Besucher-, Sitzungs- und Kampagnendaten zu berechnen und die Nutzung der Seite f\u00fcr den Analysebericht der Seite zu verfolgen. Das Cookie speichert Informationen anonym und weist eine zuf\u00e4llig generierte Zahl zu, um einzigartige Besucher zu erkennen.<\/td><\/tr><\/tbody><\/table><\/figure>\n\n\n\n<h3 class=\"wp-block-heading\"><strong>Verwaltung der Cookie-Einstellungen<\/strong><\/h3>\n\n\n\n<p>Sie k\u00f6nnen Ihre Cookie-Pr\u00e4ferenzen jederzeit \u00fcber die Schaltfl\u00e4che \"Cookie-Einstellungen\" auf unserer Website \u00e4ndern.<\/p>\n\n\n\n<figure class=\"wp-block-image aligncenter size-full\"><img decoding=\"async\" width=\"51\" height=\"51\" src=\"https:\/\/positivelyfluent.com\/wp-content\/uploads\/2025\/03\/cookieyes-button-2.png\" alt=\"Blue circle with a white cookie and the letter &quot;Y&quot;\" class=\"wp-image-823\" srcset=\"https:\/\/positivelyfluent.com\/wp-content\/uploads\/2025\/03\/cookieyes-button-2.png 51w, https:\/\/positivelyfluent.com\/wp-content\/uploads\/2025\/03\/cookieyes-button-2-12x12.png 12w\" sizes=\"(max-width: 51px) 100vw, 51px\" \/><\/figure>\n\n\n\n<p>Sie k\u00f6nnen Cookies auch \u00fcber Ihre Browsereinstellungen verwalten:<br><br><strong>Chrome:<\/strong> <a href=\"https:\/\/support.google.com\/accounts\/answer\/32050\">Cookies verwalten<\/a><\/p>\n\n\n\n<p><strong>Safari:<\/strong> <a href=\"https:\/\/support.apple.com\/en-in\/guide\/safari\/sfri11471\/mac\">Cookies verwalten<\/a><\/p>\n\n\n\n<p><strong>Firefox:<\/strong> <a href=\"https:\/\/support.mozilla.org\/en-US\/kb\/clear-cookies-and-site-data-firefox\">Cookies verwalten<\/a><\/p>\n\n\n\n<p><strong>Internet Explorer:<\/strong> <a href=\"https:\/\/support.microsoft.com\/en-us\/topic\/how-to-delete-cookie-files-in-internet-explorer-bca9446f-d873-78de-77ba-d42645fa52fc\">Cookies verwalten<\/a><br><br>F\u00fcr andere Browser besuchen Sie bitte die offiziellen Support-Dokumentationen.<\/p>\n\n\n\n<h2 class=\"wp-block-heading\"><strong>9. Kontakt und Datenschutzbeauftragter<\/strong><\/h2>\n\n\n\n<p>Wenn Sie Fragen oder Bedenken zur Verarbeitung Ihrer Daten haben, kontaktieren Sie bitte unseren <strong>Datenschutzbeauftragten<\/strong> unter:<\/p>\n\n\n\n<p><strong>Positively Fluent<\/strong><br>E-Mail: <a><strong>info@positivelyfluent.com<\/strong><\/a><\/p>\n\n\n\n<p>Wir werden Ihre Anfrage gem\u00e4\u00df geltenden Gesetzen bearbeiten.<\/p>","protected":false},"excerpt":{"rendered":"<p>Last Updated On: 05-Mar-2025 Effective Date: 05-Mar-2025 This Privacy and Cookie Policy describes the policies of Positively Fluent (&#8220;we,&#8221; &#8220;our,&#8221; or &#8220;us&#8221;), email: info@positivelyfluent.com, on the collection, use, disclosure, and management of your personal information when you use our website (https:\/\/positivelyfluent.com) (the &#8220;Service&#8221;). By accessing or using the Service, you consent to the collection, use, [&hellip;]<\/p>","protected":false},"author":1,"featured_media":0,"parent":0,"menu_order":0,"comment_status":"closed","ping_status":"open","template":"","meta":{"footnotes":""},"class_list":["post-3","page","type-page","status-publish","hentry"],"yoast_head":"<!-- This site is optimized with the Yoast SEO plugin v24.6 - https:\/\/yoast.com\/wordpress\/plugins\/seo\/ -->\n<title>Privacy and Cookie Policy - Positively Fluent<\/title>\n<meta name=\"robots\" content=\"index, follow, max-snippet:-1, max-image-preview:large, max-video-preview:-1\" \/>\n<link rel=\"canonical\" href=\"https:\/\/positivelyfluent.com\/de\/privacy-policy\/\" \/>\n<meta property=\"og:locale\" content=\"de_DE\" \/>\n<meta property=\"og:type\" content=\"article\" \/>\n<meta property=\"og:title\" content=\"Privacy and Cookie Policy - Positively Fluent\" \/>\n<meta property=\"og:description\" content=\"Last Updated On: 05-Mar-2025 Effective Date: 05-Mar-2025 This Privacy and Cookie Policy describes the policies of Positively Fluent (&#8220;we,&#8221; &#8220;our,&#8221; or &#8220;us&#8221;), email: info@positivelyfluent.com, on the collection, use, disclosure, and management of your personal information when you use our website (https:\/\/positivelyfluent.com) (the &#8220;Service&#8221;). By accessing or using the Service, you consent to the collection, use, [&hellip;]\" \/>\n<meta property=\"og:url\" content=\"https:\/\/positivelyfluent.com\/de\/privacy-policy\/\" \/>\n<meta property=\"og:site_name\" content=\"Positively Fluent\" \/>\n<meta property=\"article:modified_time\" content=\"2025-03-05T09:42:56+00:00\" \/>\n<meta property=\"og:image\" content=\"https:\/\/positivelyfluent.com\/wp-content\/uploads\/2025\/03\/cookieyes-button-2.png\" \/>\n\t<meta property=\"og:image:width\" content=\"51\" \/>\n\t<meta property=\"og:image:height\" content=\"51\" \/>\n\t<meta property=\"og:image:type\" content=\"image\/png\" \/>\n<meta name=\"twitter:card\" content=\"summary_large_image\" \/>\n<meta name=\"twitter:label1\" content=\"Gesch\u00e4tzte Lesezeit\" \/>\n\t<meta name=\"twitter:data1\" content=\"4\u00a0Minuten\" \/>\n<script type=\"application\/ld+json\" class=\"yoast-schema-graph\">{\"@context\":\"https:\/\/schema.org\",\"@graph\":[{\"@type\":\"WebPage\",\"@id\":\"https:\/\/positivelyfluent.com\/privacy-policy\/\",\"url\":\"https:\/\/positivelyfluent.com\/privacy-policy\/\",\"name\":\"Privacy and Cookie Policy - Positively Fluent\",\"isPartOf\":{\"@id\":\"https:\/\/positivelyfluent.com\/#website\"},\"primaryImageOfPage\":{\"@id\":\"https:\/\/positivelyfluent.com\/privacy-policy\/#primaryimage\"},\"image\":{\"@id\":\"https:\/\/positivelyfluent.com\/privacy-policy\/#primaryimage\"},\"thumbnailUrl\":\"https:\/\/positivelyfluent.com\/wp-content\/uploads\/2025\/03\/cookieyes-button-2.png\",\"datePublished\":\"2025-02-10T10:58:55+00:00\",\"dateModified\":\"2025-03-05T09:42:56+00:00\",\"breadcrumb\":{\"@id\":\"https:\/\/positivelyfluent.com\/privacy-policy\/#breadcrumb\"},\"inLanguage\":\"de\",\"potentialAction\":[{\"@type\":\"ReadAction\",\"target\":[\"https:\/\/positivelyfluent.com\/privacy-policy\/\"]}]},{\"@type\":\"ImageObject\",\"inLanguage\":\"de\",\"@id\":\"https:\/\/positivelyfluent.com\/privacy-policy\/#primaryimage\",\"url\":\"https:\/\/positivelyfluent.com\/wp-content\/uploads\/2025\/03\/cookieyes-button-2.png\",\"contentUrl\":\"https:\/\/positivelyfluent.com\/wp-content\/uploads\/2025\/03\/cookieyes-button-2.png\"},{\"@type\":\"BreadcrumbList\",\"@id\":\"https:\/\/positivelyfluent.com\/privacy-policy\/#breadcrumb\",\"itemListElement\":[{\"@type\":\"ListItem\",\"position\":1,\"name\":\"Home\",\"item\":\"https:\/\/positivelyfluent.com\/\"},{\"@type\":\"ListItem\",\"position\":2,\"name\":\"Privacy and Cookie Policy\"}]},{\"@type\":\"WebSite\",\"@id\":\"https:\/\/positivelyfluent.com\/#website\",\"url\":\"https:\/\/positivelyfluent.com\/\",\"name\":\"Positively Fluent\",\"description\":\"Your Ultimate Destination for English Learning\",\"publisher\":{\"@id\":\"https:\/\/positivelyfluent.com\/#organization\"},\"potentialAction\":[{\"@type\":\"SearchAction\",\"target\":{\"@type\":\"EntryPoint\",\"urlTemplate\":\"https:\/\/positivelyfluent.com\/?s={search_term_string}\"},\"query-input\":{\"@type\":\"PropertyValueSpecification\",\"valueRequired\":true,\"valueName\":\"search_term_string\"}}],\"inLanguage\":\"de\"},{\"@type\":\"Organization\",\"@id\":\"https:\/\/positivelyfluent.com\/#organization\",\"name\":\"Positively Fluent\",\"url\":\"https:\/\/positivelyfluent.com\/\",\"logo\":{\"@type\":\"ImageObject\",\"inLanguage\":\"de\",\"@id\":\"https:\/\/positivelyfluent.com\/#\/schema\/logo\/image\/\",\"url\":\"https:\/\/positivelyfluent.com\/wp-content\/uploads\/2025\/02\/Positively-Fluent-Logo-square-transparent.png\",\"contentUrl\":\"https:\/\/positivelyfluent.com\/wp-content\/uploads\/2025\/02\/Positively-Fluent-Logo-square-transparent.png\",\"width\":500,\"height\":500,\"caption\":\"Positively Fluent\"},\"image\":{\"@id\":\"https:\/\/positivelyfluent.com\/#\/schema\/logo\/image\/\"},\"sameAs\":[\"https:\/\/www.instagram.com\/positivelyfluent?igsh=MXU5b2J4aXFlODdveQ&utm_source=qr\",\"https:\/\/www.tiktok.com\/@positivelyfluent?_t=ZM-8tu1lD7lT42&_r=1\"]}]}<\/script>\n<!-- \/ Yoast SEO plugin. -->","yoast_head_json":{"title":"Privacy and Cookie Policy - Positively Fluent","robots":{"index":"index","follow":"follow","max-snippet":"max-snippet:-1","max-image-preview":"max-image-preview:large","max-video-preview":"max-video-preview:-1"},"canonical":"https:\/\/positivelyfluent.com\/de\/privacy-policy\/","og_locale":"de_DE","og_type":"article","og_title":"Privacy and Cookie Policy - Positively Fluent","og_description":"Last Updated On: 05-Mar-2025 Effective Date: 05-Mar-2025 This Privacy and Cookie Policy describes the policies of Positively Fluent (&#8220;we,&#8221; &#8220;our,&#8221; or &#8220;us&#8221;), email: info@positivelyfluent.com, on the collection, use, disclosure, and management of your personal information when you use our website (https:\/\/positivelyfluent.com) (the &#8220;Service&#8221;). By accessing or using the Service, you consent to the collection, use, [&hellip;]","og_url":"https:\/\/positivelyfluent.com\/de\/privacy-policy\/","og_site_name":"Positively Fluent","article_modified_time":"2025-03-05T09:42:56+00:00","og_image":[{"width":51,"height":51,"url":"https:\/\/positivelyfluent.com\/wp-content\/uploads\/2025\/03\/cookieyes-button-2.png","type":"image\/png"}],"twitter_card":"summary_large_image","twitter_misc":{"Gesch\u00e4tzte Lesezeit":"4\u00a0Minuten"},"schema":{"@context":"https:\/\/schema.org","@graph":[{"@type":"WebPage","@id":"https:\/\/positivelyfluent.com\/privacy-policy\/","url":"https:\/\/positivelyfluent.com\/privacy-policy\/","name":"Privacy and Cookie Policy - Positively Fluent","isPartOf":{"@id":"https:\/\/positivelyfluent.com\/#website"},"primaryImageOfPage":{"@id":"https:\/\/positivelyfluent.com\/privacy-policy\/#primaryimage"},"image":{"@id":"https:\/\/positivelyfluent.com\/privacy-policy\/#primaryimage"},"thumbnailUrl":"https:\/\/positivelyfluent.com\/wp-content\/uploads\/2025\/03\/cookieyes-button-2.png","datePublished":"2025-02-10T10:58:55+00:00","dateModified":"2025-03-05T09:42:56+00:00","breadcrumb":{"@id":"https:\/\/positivelyfluent.com\/privacy-policy\/#breadcrumb"},"inLanguage":"de","potentialAction":[{"@type":"ReadAction","target":["https:\/\/positivelyfluent.com\/privacy-policy\/"]}]},{"@type":"ImageObject","inLanguage":"de","@id":"https:\/\/positivelyfluent.com\/privacy-policy\/#primaryimage","url":"https:\/\/positivelyfluent.com\/wp-content\/uploads\/2025\/03\/cookieyes-button-2.png","contentUrl":"https:\/\/positivelyfluent.com\/wp-content\/uploads\/2025\/03\/cookieyes-button-2.png"},{"@type":"BreadcrumbList","@id":"https:\/\/positivelyfluent.com\/privacy-policy\/#breadcrumb","itemListElement":[{"@type":"ListItem","position":1,"name":"Home","item":"https:\/\/positivelyfluent.com\/"},{"@type":"ListItem","position":2,"name":"Privacy and Cookie Policy"}]},{"@type":"WebSite","@id":"https:\/\/positivelyfluent.com\/#website","url":"https:\/\/positivelyfluent.com\/","name":"Positively Fluent","description":"Dein Ultimatives Ziel f\u00fcr Englisch lernen","publisher":{"@id":"https:\/\/positivelyfluent.com\/#organization"},"potentialAction":[{"@type":"SearchAction","target":{"@type":"EntryPoint","urlTemplate":"https:\/\/positivelyfluent.com\/?s={search_term_string}"},"query-input":{"@type":"PropertyValueSpecification","valueRequired":true,"valueName":"search_term_string"}}],"inLanguage":"de"},{"@type":"Organization","@id":"https:\/\/positivelyfluent.com\/#organization","name":"Positively Fluent","url":"https:\/\/positivelyfluent.com\/","logo":{"@type":"ImageObject","inLanguage":"de","@id":"https:\/\/positivelyfluent.com\/#\/schema\/logo\/image\/","url":"https:\/\/positivelyfluent.com\/wp-content\/uploads\/2025\/02\/Positively-Fluent-Logo-square-transparent.png","contentUrl":"https:\/\/positivelyfluent.com\/wp-content\/uploads\/2025\/02\/Positively-Fluent-Logo-square-transparent.png","width":500,"height":500,"caption":"Positively Fluent"},"image":{"@id":"https:\/\/positivelyfluent.com\/#\/schema\/logo\/image\/"},"sameAs":["https:\/\/www.instagram.com\/positivelyfluent?igsh=MXU5b2J4aXFlODdveQ&utm_source=qr","https:\/\/www.tiktok.com\/@positivelyfluent?_t=ZM-8tu1lD7lT42&_r=1"]}]}},"_links":{"self":[{"href":"https:\/\/positivelyfluent.com\/de\/wp-json\/wp\/v2\/pages\/3","targetHints":{"allow":["GET"]}}],"collection":[{"href":"https:\/\/positivelyfluent.com\/de\/wp-json\/wp\/v2\/pages"}],"about":[{"href":"https:\/\/positivelyfluent.com\/de\/wp-json\/wp\/v2\/types\/page"}],"author":[{"embeddable":true,"href":"https:\/\/positivelyfluent.com\/de\/wp-json\/wp\/v2\/users\/1"}],"replies":[{"embeddable":true,"href":"https:\/\/positivelyfluent.com\/de\/wp-json\/wp\/v2\/comments?post=3"}],"version-history":[{"count":14,"href":"https:\/\/positivelyfluent.com\/de\/wp-json\/wp\/v2\/pages\/3\/revisions"}],"predecessor-version":[{"id":824,"href":"https:\/\/positivelyfluent.com\/de\/wp-json\/wp\/v2\/pages\/3\/revisions\/824"}],"wp:attachment":[{"href":"https:\/\/positivelyfluent.com\/de\/wp-json\/wp\/v2\/media?parent=3"}],"curies":[{"name":"wp","href":"https:\/\/api.w.org\/{rel}","templated":true}]}}