{"id":407,"date":"2025-03-03T08:32:30","date_gmt":"2025-03-03T08:32:30","guid":{"rendered":"https:\/\/positivelyfluent.com\/?page_id=407"},"modified":"2025-04-23T17:12:23","modified_gmt":"2025-04-23T15:12:23","slug":"about-us","status":"publish","type":"page","link":"https:\/\/positivelyfluent.com\/de\/about-us\/","title":{"rendered":"\u00dcber uns"},"content":{"rendered":"<div class=\"wp-block-group alignfull is-layout-flow wp-container-core-group-is-layout-3 wp-block-group-is-layout-flow cc-hide-on-mobile\" style=\"margin-top:0;margin-bottom:0\">\n<div class=\"wp-block-columns alignfull is-not-stacked-on-mobile is-style-section-2 has-accent-6-color has-base-background-color has-text-color has-background has-link-color wp-elements-28c61165c3fd1a034cf2e209d3b092e9 is-layout-flex wp-container-core-columns-is-layout-1 wp-block-columns-is-layout-flex is-style-section-2--1\" style=\"padding-top:0;padding-right:0;padding-bottom:0;padding-left:0\">\n<div class=\"wp-block-column is-vertically-aligned-center has-base-background-color has-background is-layout-flow wp-block-column-is-layout-flow\" style=\"padding-right:0;padding-left:0;flex-basis:50%\">\n<div class=\"wp-block-group is-vertical is-content-justification-center is-layout-flex wp-container-core-group-is-layout-1 wp-block-group-is-layout-flex\" style=\"min-height:33vh;padding-top:0;padding-right:var(--wp--preset--spacing--50);padding-bottom:0;padding-left:var(--wp--preset--spacing--50)\">\n<h1 class=\"wp-block-heading wp-container-content-1\">\u00dcber uns<\/h1>\n\n\n\n<div style=\"height:0px\" aria-hidden=\"true\" class=\"wp-block-spacer wp-container-content-2\"><\/div>\n\n\n\n<p class=\"wp-container-content-3\">Biance und Charl\u00e9 lernten sich an der Universit\u00e4t kennen und verstanden sich auf Anhieb \u2013 zwei Sprachliebhaberinnen mit einer gemeinsamen Leidenschaft, andere beim Sprachenlernen zu unterst\u00fctzen. Ihre Begeisterung f\u00fcr Sprachen, insbesondere Englisch und Deutsch, wuchs \u00fcber die Jahre und m\u00fcndete in einer klaren Mission: Deutschsprachigen das Englischlernen auf eine zug\u00e4ngliche und freudvolle Weise zu erm\u00f6glichen.<\/p>\n\n\n\n<p class=\"wp-container-content-4\">Aus dieser Vision entstand ihre Online-Englischlernplattform\u2013 ein Ort, der Deutschsprachigen hilft, ihre Sprachkenntnisse gezielt zu verbessern, um m\u00fchelos und selbstsicher zu kommunizieren. Mit ihrer Erfahrung und ihrem pers\u00f6nlichen Ansatz gestalten sie das Englischlernen nicht nur effektiv und spannend, sondern auch individuell auf deine Ziele abgestimmt.<\/p>\n<\/div>\n<\/div>\n\n\n\n<div class=\"wp-block-column is-vertically-aligned-center has-base-background-color has-background is-layout-flow wp-block-column-is-layout-flow\" style=\"padding-top:0;padding-bottom:0;flex-basis:50%\">\n<div style=\"background-image:url(&#039;https:\/\/positivelyfluent.com\/wp-content\/uploads\/2025\/04\/biance-and-charle-p.png&#039;);background-position:49% 17%;background-size:cover;\" class=\"wp-block-group has-global-padding is-layout-constrained wp-block-group-is-layout-constrained has-background\">\n<div style=\"height:696px\" aria-hidden=\"true\" class=\"wp-block-spacer\"><\/div>\n<\/div>\n<\/div>\n<\/div>\n<\/div>\n\n\n\n<div class=\"wp-block-group alignfull is-layout-flow wp-container-core-group-is-layout-6 wp-block-group-is-layout-flow cc-hide-on-tablet cc-hide-on-desktop\" style=\"margin-top:0;margin-bottom:0;padding-top:var(--wp--preset--spacing--40);padding-bottom:0\">\n<div class=\"wp-block-columns is-layout-flex wp-container-core-columns-is-layout-2 wp-block-columns-is-layout-flex\">\n<div class=\"wp-block-column is-layout-flow wp-block-column-is-layout-flow\">\n<div class=\"wp-block-group is-vertical is-layout-flex wp-container-core-group-is-layout-4 wp-block-group-is-layout-flex\" style=\"padding-top:0;padding-right:var(--wp--preset--spacing--50);padding-bottom:0;padding-left:var(--wp--preset--spacing--50)\">\n<h1 class=\"wp-block-heading wp-container-content-5\">\u00dcber uns<\/h1>\n\n\n\n<div style=\"height:0px\" aria-hidden=\"true\" class=\"wp-block-spacer wp-container-content-6\"><\/div>\n\n\n\n<p class=\"wp-container-content-7\">Biance und Charl\u00e9 lernten sich an der Universit\u00e4t kennen und verstanden sich auf Anhieb \u2013 zwei Sprachliebhaberinnen mit einer gemeinsamen Leidenschaft, andere beim Sprachenlernen zu unterst\u00fctzen. Ihre Begeisterung f\u00fcr Sprachen, insbesondere Englisch und Deutsch, wuchs \u00fcber die Jahre und m\u00fcndete in einer klaren Mission: Deutschsprachigen das Englischlernen auf eine zug\u00e4ngliche und freudvolle Weise zu erm\u00f6glichen.<\/p>\n\n\n\n<p class=\"wp-container-content-8\">Aus dieser Vision entstand ihre Online-Englischlernplattform\u2013 ein Ort, der Deutschsprachigen hilft, ihre Sprachkenntnisse gezielt zu verbessern, um m\u00fchelos und selbstsicher zu kommunizieren. Mit ihrer Erfahrung und ihrem pers\u00f6nlichen Ansatz gestalten sie das Englischlernen nicht nur effektiv und spannend, sondern auch individuell auf deine Ziele abgestimmt.<\/p>\n<\/div>\n<\/div>\n\n\n\n<div class=\"wp-block-column is-layout-flow wp-block-column-is-layout-flow\">\n<div style=\"background-image:url(&#039;https:\/\/positivelyfluent.com\/wp-content\/uploads\/2025\/04\/biance-and-charle-p.png&#039;);background-position:51% 45%;background-size:cover;\" class=\"wp-block-group has-global-padding is-layout-constrained wp-block-group-is-layout-constrained has-background\">\n<div style=\"height:696px\" aria-hidden=\"true\" class=\"wp-block-spacer\"><\/div>\n<\/div>\n<\/div>\n<\/div>\n<\/div>\n\n\n\n<div class=\"wp-block-group alignfull is-layout-flow wp-container-core-group-is-layout-9 wp-block-group-is-layout-flow cc-hide-on-mobile\" style=\"margin-top:0;margin-bottom:0\">\n<div class=\"wp-block-columns alignfull is-not-stacked-on-mobile is-style-section-2 has-accent-6-color has-base-background-color has-text-color has-background has-link-color wp-elements-95eca1029098d3463e33d4b7826c3406 is-layout-flex wp-container-core-columns-is-layout-3 wp-block-columns-is-layout-flex is-style-section-2--2\" style=\"padding-top:0;padding-right:0;padding-bottom:0;padding-left:0\">\n<div class=\"wp-block-column is-vertically-aligned-center has-base-background-color has-background is-layout-flow wp-block-column-is-layout-flow\" style=\"padding-top:0;padding-bottom:0;flex-basis:50%\">\n<div style=\"background-image:url(&#039;https:\/\/positivelyfluent.com\/wp-content\/uploads\/2025\/03\/biance-2-p.png&#039;);background-position:48% 0%;background-size:cover;\" class=\"wp-block-group has-global-padding is-layout-constrained wp-block-group-is-layout-constrained has-background\">\n<div style=\"height:696px\" aria-hidden=\"true\" class=\"wp-block-spacer\"><\/div>\n<\/div>\n<\/div>\n\n\n\n<div class=\"wp-block-column is-vertically-aligned-center has-base-background-color has-background is-layout-flow wp-block-column-is-layout-flow\" style=\"padding-right:0;padding-left:0;flex-basis:50%\">\n<div class=\"wp-block-group is-vertical is-content-justification-center is-layout-flex wp-container-core-group-is-layout-8 wp-block-group-is-layout-flex\" style=\"min-height:33vh;padding-top:0;padding-right:var(--wp--preset--spacing--50);padding-bottom:0;padding-left:var(--wp--preset--spacing--50)\">\n<h2 class=\"wp-block-heading wp-container-content-9\">\u00dcber Biance<\/h2>\n\n\n\n<div style=\"height:0px\" aria-hidden=\"true\" class=\"wp-block-spacer wp-container-content-10\"><\/div>\n\n\n\n<p class=\"wp-container-content-11\">Biance ist qualifizierte TEFL\/TESOL-Lehrerin mit \u00fcber vier Jahren Unterrichtserfahrung und einem Abschluss in Psychologie und Germanistik. Ihre Leidenschaft f\u00fcr Sprachen und die St\u00e4rkung des Selbstvertrauens ihrer Lernenden vereinen sich in ihrem Beruf \u2013 und genau das erf\u00fcllt sie!<\/p>\n\n\n\n<p>Aufgewachsen in Kapstadt, S\u00fcdafrika, lebte Biance zwei Jahre in Deutschland. Diese Erfahrung gab ihr nicht nur einen tiefen Einblick in die deutsche Kultur, sondern auch ein Verst\u00e4ndnis f\u00fcr die spezifischen Sprachbed\u00fcrfnisse der Deutschen.<\/p>\n\n\n\n<p class=\"wp-container-content-12\">Sie kennt die Herausforderungen, die Deutschsprachige beim Englischlernen haben \u2013 und genau hier setzt sie an.<\/p>\n<\/div>\n<\/div>\n<\/div>\n<\/div>\n\n\n\n<div class=\"wp-block-group alignfull is-layout-flow wp-container-core-group-is-layout-12 wp-block-group-is-layout-flow cc-hide-on-tablet cc-hide-on-desktop\" style=\"margin-top:0;margin-bottom:0;padding-top:var(--wp--preset--spacing--40);padding-bottom:0\">\n<div class=\"wp-block-columns is-layout-flex wp-container-core-columns-is-layout-4 wp-block-columns-is-layout-flex\">\n<div class=\"wp-block-column is-layout-flow wp-block-column-is-layout-flow\">\n<div class=\"wp-block-group is-vertical is-layout-flex wp-container-core-group-is-layout-10 wp-block-group-is-layout-flex\" style=\"padding-top:0;padding-right:var(--wp--preset--spacing--50);padding-bottom:0;padding-left:var(--wp--preset--spacing--50)\">\n<h2 class=\"wp-block-heading wp-container-content-13\">\u00dcber Biance<\/h2>\n\n\n\n<div style=\"height:0px\" aria-hidden=\"true\" class=\"wp-block-spacer wp-container-content-14\"><\/div>\n\n\n\n<p class=\"wp-container-content-15\">Biance ist qualifizierte TEFL\/TESOL-Lehrerin mit \u00fcber vier Jahren Unterrichtserfahrung und einem Abschluss in Psychologie und Germanistik. Ihre Leidenschaft f\u00fcr Sprachen und die St\u00e4rkung des Selbstvertrauens ihrer Lernenden vereinen sich in ihrem Beruf \u2013 und genau das erf\u00fcllt sie!<\/p>\n\n\n\n<p>Aufgewachsen in Kapstadt, S\u00fcdafrika, lebte Biance zwei Jahre in Deutschland. Diese Erfahrung gab ihr nicht nur einen tiefen Einblick in die deutsche Kultur, sondern auch ein Verst\u00e4ndnis f\u00fcr die spezifischen Sprachbed\u00fcrfnisse der Deutschen.<\/p>\n\n\n\n<p class=\"wp-container-content-16\">Sie kennt die Herausforderungen, die Deutschsprachige beim Englischlernen haben \u2013 und genau hier setzt sie an.<\/p>\n<\/div>\n<\/div>\n\n\n\n<div class=\"wp-block-column is-layout-flow wp-block-column-is-layout-flow\">\n<div style=\"background-image:url(&#039;https:\/\/positivelyfluent.com\/wp-content\/uploads\/2025\/03\/biance-2-p.png&#039;);background-position:31% 51%;background-size:cover;\" class=\"wp-block-group has-global-padding is-layout-constrained wp-block-group-is-layout-constrained has-background\">\n<div style=\"height:696px\" aria-hidden=\"true\" class=\"wp-block-spacer\"><\/div>\n<\/div>\n<\/div>\n<\/div>\n<\/div>\n\n\n\n<div class=\"wp-block-group alignfull is-layout-flow wp-container-core-group-is-layout-15 wp-block-group-is-layout-flow cc-hide-on-mobile\" style=\"margin-top:0;margin-bottom:0\">\n<div class=\"wp-block-columns alignfull is-not-stacked-on-mobile is-style-section-2 has-accent-6-color has-base-background-color has-text-color has-background has-link-color wp-elements-419ee0b12fdb2995e65eccf613d5c0ad is-layout-flex wp-container-core-columns-is-layout-5 wp-block-columns-is-layout-flex is-style-section-2--3\" style=\"padding-top:0;padding-right:0;padding-bottom:0;padding-left:0\">\n<div class=\"wp-block-column is-vertically-aligned-center has-base-background-color has-background is-layout-flow wp-block-column-is-layout-flow\" style=\"padding-right:0;padding-left:0;flex-basis:50%\">\n<div class=\"wp-block-group is-vertical is-content-justification-center is-layout-flex wp-container-core-group-is-layout-13 wp-block-group-is-layout-flex\" style=\"min-height:33vh;padding-top:0;padding-right:var(--wp--preset--spacing--50);padding-bottom:0;padding-left:var(--wp--preset--spacing--50)\">\n<h2 class=\"wp-block-heading wp-container-content-17\">\u00dcber Charl\u00e9<\/h2>\n\n\n\n<div style=\"height:0px\" aria-hidden=\"true\" class=\"wp-block-spacer wp-container-content-18\"><\/div>\n\n\n\n<p class=\"has-text-align-left\">Charl\u00e9s Reise, andere beim Erlernen neuer Sprachen zu unterst\u00fctzen, begann im Jahr 2018, als sie einen Sprachlern-Blog ins Leben rief.<\/p>\n\n\n\n<p class=\"has-text-align-left\">W\u00e4hrend sie an der Universit\u00e4t Musik studierte, entwickelte Charl\u00e9 eine gro\u00dfe Leidenschaft f\u00fcr Sprachen. Charl\u00e9 ist zertifizierte TEFL-Lehrerin und hat in den letzten f\u00fcnf Jahren vielen Sch\u00fclerInnen dabei geholfen, eine neue Sprache mit Selbstvertrauen zu sprechen.<\/p>\n\n\n\n<p class=\"wp-container-content-19\">Da sie selbst eine Vorliebe f\u00fcr das Erlernen neuer Sprachen hat, kann sie die Herausforderungen ihrer Sch\u00fclerInnen sehr gut nachvollziehen und ihnen noch gezielter helfen.<\/p>\n<\/div>\n<\/div>\n\n\n\n<div class=\"wp-block-column is-vertically-aligned-center has-base-background-color has-background is-layout-flow wp-block-column-is-layout-flow\" style=\"padding-top:0;padding-bottom:0;flex-basis:50%\">\n<div style=\"background-image:url(&#039;https:\/\/positivelyfluent.com\/wp-content\/uploads\/2025\/03\/charle-p.png&#039;);background-position:49% 0%;background-size:cover;\" class=\"wp-block-group has-global-padding is-layout-constrained wp-block-group-is-layout-constrained has-background\">\n<div style=\"height:696px\" aria-hidden=\"true\" class=\"wp-block-spacer\"><\/div>\n<\/div>\n<\/div>\n<\/div>\n<\/div>\n\n\n\n<div class=\"wp-block-group alignfull is-layout-flow wp-container-core-group-is-layout-18 wp-block-group-is-layout-flow cc-hide-on-tablet cc-hide-on-desktop\" style=\"margin-top:0;margin-bottom:0;padding-top:var(--wp--preset--spacing--40);padding-bottom:0\">\n<div class=\"wp-block-columns is-layout-flex wp-container-core-columns-is-layout-6 wp-block-columns-is-layout-flex\">\n<div class=\"wp-block-column is-layout-flow wp-block-column-is-layout-flow\">\n<div class=\"wp-block-group is-vertical is-layout-flex wp-container-core-group-is-layout-16 wp-block-group-is-layout-flex\" style=\"padding-top:0;padding-right:var(--wp--preset--spacing--50);padding-bottom:0;padding-left:var(--wp--preset--spacing--50)\">\n<h2 class=\"wp-block-heading wp-container-content-20\">\u00dcber Charl\u00e9<\/h2>\n\n\n\n<div style=\"height:0px\" aria-hidden=\"true\" class=\"wp-block-spacer wp-container-content-21\"><\/div>\n\n\n\n<p class=\"wp-container-content-22\">Charl\u00e9s Reise, andere beim Erlernen neuer Sprachen zu unterst\u00fctzen, begann im Jahr 2018, als sie einen Sprachlern-Blog ins Leben rief.<\/p>\n\n\n\n<p class=\"has-text-align-left\">W\u00e4hrend sie an der Universit\u00e4t Musik studierte, entwickelte Charl\u00e9 eine gro\u00dfe Leidenschaft f\u00fcr Sprachen. Charl\u00e9 ist zertifizierte TEFL-Lehrerin und hat in den letzten f\u00fcnf Jahren vielen Sch\u00fclerInnen dabei geholfen, eine neue Sprache mit Selbstvertrauen zu sprechen.<\/p>\n\n\n\n<p class=\"wp-container-content-23\">Da sie selbst eine Vorliebe f\u00fcr das Erlernen neuer Sprachen hat, kann sie die Herausforderungen ihrer Sch\u00fclerInnen sehr gut nachvollziehen und ihnen noch gezielter helfen.<\/p>\n<\/div>\n<\/div>\n\n\n\n<div class=\"wp-block-column is-layout-flow wp-block-column-is-layout-flow\">\n<div style=\"background-image:url(&#039;https:\/\/positivelyfluent.com\/wp-content\/uploads\/2025\/03\/charle-p.png&#039;);background-position:61% 31%;background-size:cover;\" class=\"wp-block-group has-global-padding is-layout-constrained wp-block-group-is-layout-constrained has-background\">\n<div style=\"height:696px\" aria-hidden=\"true\" class=\"wp-block-spacer\"><\/div>\n<\/div>\n<\/div>\n<\/div>\n<\/div>","protected":false},"excerpt":{"rendered":"<p>About Us Biance and Charl\u00e9 met at university and immediately clicked, two language enthusiasts who shared a passion for learning and helping others grow. Over the years, their love for languages, especially English and German, led them to one clear mission: making English learning accessible and enjoyable for German speakers. That\u2019s why they created their [&hellip;]<\/p>","protected":false},"author":1,"featured_media":0,"parent":0,"menu_order":0,"comment_status":"closed","ping_status":"closed","template":"wp-custom-template-about-us","meta":{"footnotes":""},"class_list":["post-407","page","type-page","status-publish","hentry"],"yoast_head":"<!-- This site is optimized with the Yoast SEO plugin v24.6 - https:\/\/yoast.com\/wordpress\/plugins\/seo\/ -->\n<title>About Us - Positively Fluent<\/title>\n<meta name=\"robots\" content=\"index, follow, max-snippet:-1, max-image-preview:large, max-video-preview:-1\" \/>\n<link rel=\"canonical\" href=\"https:\/\/positivelyfluent.com\/de\/about-us\/\" \/>\n<meta property=\"og:locale\" content=\"de_DE\" \/>\n<meta property=\"og:type\" content=\"article\" \/>\n<meta property=\"og:title\" content=\"About Us - Positively Fluent\" \/>\n<meta property=\"og:description\" content=\"About Us Biance and Charl\u00e9 met at university and immediately clicked, two language enthusiasts who shared a passion for learning and helping others grow. Over the years, their love for languages, especially English and German, led them to one clear mission: making English learning accessible and enjoyable for German speakers. That\u2019s why they created their [&hellip;]\" \/>\n<meta property=\"og:url\" content=\"https:\/\/positivelyfluent.com\/de\/about-us\/\" \/>\n<meta property=\"og:site_name\" content=\"Positively Fluent\" \/>\n<meta property=\"article:modified_time\" content=\"2025-04-23T15:12:23+00:00\" \/>\n<meta name=\"twitter:card\" content=\"summary_large_image\" \/>\n<meta name=\"twitter:label1\" content=\"Gesch\u00e4tzte Lesezeit\" \/>\n\t<meta name=\"twitter:data1\" content=\"3\u00a0Minuten\" \/>\n<script type=\"application\/ld+json\" class=\"yoast-schema-graph\">{\"@context\":\"https:\/\/schema.org\",\"@graph\":[{\"@type\":\"WebPage\",\"@id\":\"https:\/\/positivelyfluent.com\/about-us\/\",\"url\":\"https:\/\/positivelyfluent.com\/about-us\/\",\"name\":\"About Us - Positively Fluent\",\"isPartOf\":{\"@id\":\"https:\/\/positivelyfluent.com\/#website\"},\"datePublished\":\"2025-03-03T08:32:30+00:00\",\"dateModified\":\"2025-04-23T15:12:23+00:00\",\"breadcrumb\":{\"@id\":\"https:\/\/positivelyfluent.com\/about-us\/#breadcrumb\"},\"inLanguage\":\"de\",\"potentialAction\":[{\"@type\":\"ReadAction\",\"target\":[\"https:\/\/positivelyfluent.com\/about-us\/\"]}]},{\"@type\":\"BreadcrumbList\",\"@id\":\"https:\/\/positivelyfluent.com\/about-us\/#breadcrumb\",\"itemListElement\":[{\"@type\":\"ListItem\",\"position\":1,\"name\":\"Home\",\"item\":\"https:\/\/positivelyfluent.com\/\"},{\"@type\":\"ListItem\",\"position\":2,\"name\":\"About Us\"}]},{\"@type\":\"WebSite\",\"@id\":\"https:\/\/positivelyfluent.com\/#website\",\"url\":\"https:\/\/positivelyfluent.com\/\",\"name\":\"Positively Fluent\",\"description\":\"Your Ultimate Destination for English Learning\",\"publisher\":{\"@id\":\"https:\/\/positivelyfluent.com\/#organization\"},\"potentialAction\":[{\"@type\":\"SearchAction\",\"target\":{\"@type\":\"EntryPoint\",\"urlTemplate\":\"https:\/\/positivelyfluent.com\/?s={search_term_string}\"},\"query-input\":{\"@type\":\"PropertyValueSpecification\",\"valueRequired\":true,\"valueName\":\"search_term_string\"}}],\"inLanguage\":\"de\"},{\"@type\":\"Organization\",\"@id\":\"https:\/\/positivelyfluent.com\/#organization\",\"name\":\"Positively Fluent\",\"url\":\"https:\/\/positivelyfluent.com\/\",\"logo\":{\"@type\":\"ImageObject\",\"inLanguage\":\"de\",\"@id\":\"https:\/\/positivelyfluent.com\/#\/schema\/logo\/image\/\",\"url\":\"https:\/\/positivelyfluent.com\/wp-content\/uploads\/2025\/02\/Positively-Fluent-Logo-square-transparent.png\",\"contentUrl\":\"https:\/\/positivelyfluent.com\/wp-content\/uploads\/2025\/02\/Positively-Fluent-Logo-square-transparent.png\",\"width\":500,\"height\":500,\"caption\":\"Positively Fluent\"},\"image\":{\"@id\":\"https:\/\/positivelyfluent.com\/#\/schema\/logo\/image\/\"},\"sameAs\":[\"https:\/\/www.instagram.com\/positivelyfluent?igsh=MXU5b2J4aXFlODdveQ&utm_source=qr\",\"https:\/\/www.tiktok.com\/@positivelyfluent?_t=ZM-8tu1lD7lT42&_r=1\"]}]}<\/script>\n<!-- \/ Yoast SEO plugin. -->","yoast_head_json":{"title":"About Us - Positively Fluent","robots":{"index":"index","follow":"follow","max-snippet":"max-snippet:-1","max-image-preview":"max-image-preview:large","max-video-preview":"max-video-preview:-1"},"canonical":"https:\/\/positivelyfluent.com\/de\/about-us\/","og_locale":"de_DE","og_type":"article","og_title":"About Us - Positively Fluent","og_description":"About Us Biance and Charl\u00e9 met at university and immediately clicked, two language enthusiasts who shared a passion for learning and helping others grow. Over the years, their love for languages, especially English and German, led them to one clear mission: making English learning accessible and enjoyable for German speakers. That\u2019s why they created their [&hellip;]","og_url":"https:\/\/positivelyfluent.com\/de\/about-us\/","og_site_name":"Positively Fluent","article_modified_time":"2025-04-23T15:12:23+00:00","twitter_card":"summary_large_image","twitter_misc":{"Gesch\u00e4tzte Lesezeit":"3\u00a0Minuten"},"schema":{"@context":"https:\/\/schema.org","@graph":[{"@type":"WebPage","@id":"https:\/\/positivelyfluent.com\/about-us\/","url":"https:\/\/positivelyfluent.com\/about-us\/","name":"About Us - Positively Fluent","isPartOf":{"@id":"https:\/\/positivelyfluent.com\/#website"},"datePublished":"2025-03-03T08:32:30+00:00","dateModified":"2025-04-23T15:12:23+00:00","breadcrumb":{"@id":"https:\/\/positivelyfluent.com\/about-us\/#breadcrumb"},"inLanguage":"de","potentialAction":[{"@type":"ReadAction","target":["https:\/\/positivelyfluent.com\/about-us\/"]}]},{"@type":"BreadcrumbList","@id":"https:\/\/positivelyfluent.com\/about-us\/#breadcrumb","itemListElement":[{"@type":"ListItem","position":1,"name":"Home","item":"https:\/\/positivelyfluent.com\/"},{"@type":"ListItem","position":2,"name":"About Us"}]},{"@type":"WebSite","@id":"https:\/\/positivelyfluent.com\/#website","url":"https:\/\/positivelyfluent.com\/","name":"Positively Fluent","description":"Dein Ultimatives Ziel f\u00fcr Englisch lernen","publisher":{"@id":"https:\/\/positivelyfluent.com\/#organization"},"potentialAction":[{"@type":"SearchAction","target":{"@type":"EntryPoint","urlTemplate":"https:\/\/positivelyfluent.com\/?s={search_term_string}"},"query-input":{"@type":"PropertyValueSpecification","valueRequired":true,"valueName":"search_term_string"}}],"inLanguage":"de"},{"@type":"Organization","@id":"https:\/\/positivelyfluent.com\/#organization","name":"Positively Fluent","url":"https:\/\/positivelyfluent.com\/","logo":{"@type":"ImageObject","inLanguage":"de","@id":"https:\/\/positivelyfluent.com\/#\/schema\/logo\/image\/","url":"https:\/\/positivelyfluent.com\/wp-content\/uploads\/2025\/02\/Positively-Fluent-Logo-square-transparent.png","contentUrl":"https:\/\/positivelyfluent.com\/wp-content\/uploads\/2025\/02\/Positively-Fluent-Logo-square-transparent.png","width":500,"height":500,"caption":"Positively Fluent"},"image":{"@id":"https:\/\/positivelyfluent.com\/#\/schema\/logo\/image\/"},"sameAs":["https:\/\/www.instagram.com\/positivelyfluent?igsh=MXU5b2J4aXFlODdveQ&utm_source=qr","https:\/\/www.tiktok.com\/@positivelyfluent?_t=ZM-8tu1lD7lT42&_r=1"]}]}},"_links":{"self":[{"href":"https:\/\/positivelyfluent.com\/de\/wp-json\/wp\/v2\/pages\/407","targetHints":{"allow":["GET"]}}],"collection":[{"href":"https:\/\/positivelyfluent.com\/de\/wp-json\/wp\/v2\/pages"}],"about":[{"href":"https:\/\/positivelyfluent.com\/de\/wp-json\/wp\/v2\/types\/page"}],"author":[{"embeddable":true,"href":"https:\/\/positivelyfluent.com\/de\/wp-json\/wp\/v2\/users\/1"}],"replies":[{"embeddable":true,"href":"https:\/\/positivelyfluent.com\/de\/wp-json\/wp\/v2\/comments?post=407"}],"version-history":[{"count":43,"href":"https:\/\/positivelyfluent.com\/de\/wp-json\/wp\/v2\/pages\/407\/revisions"}],"predecessor-version":[{"id":1026,"href":"https:\/\/positivelyfluent.com\/de\/wp-json\/wp\/v2\/pages\/407\/revisions\/1026"}],"wp:attachment":[{"href":"https:\/\/positivelyfluent.com\/de\/wp-json\/wp\/v2\/media?parent=407"}],"curies":[{"name":"wp","href":"https:\/\/api.w.org\/{rel}","templated":true}]}}