{"id":448,"date":"2025-03-03T07:33:03","date_gmt":"2025-03-03T07:33:03","guid":{"rendered":"https:\/\/positivelyfluent.com\/?page_id=448"},"modified":"2025-03-17T07:21:42","modified_gmt":"2025-03-17T07:21:42","slug":"contact-us","status":"publish","type":"page","link":"https:\/\/positivelyfluent.com\/de\/contact-us\/","title":{"rendered":"Kontaktiere uns"},"content":{"rendered":"<div class=\"wp-block-group has-global-padding is-layout-constrained wp-block-group-is-layout-constrained\" style=\"padding-top:var(--wp--preset--spacing--70);padding-bottom:var(--wp--preset--spacing--40)\">\n<div class=\"forminator-guttenberg\"><div class=\"forminator-ui forminator-custom-form forminator-custom-form-937 forminator-design--flat  forminator_ajax\" data-forminator-render=\"0\" data-form=\"forminator-module-937\" data-uid=\"6a02260ebf1db\"><br\/><\/div><form\n\t\t\t\tid=\"forminator-module-937\"\n\t\t\t\tclass=\"forminator-ui forminator-custom-form forminator-custom-form-937 forminator-design--flat  forminator_ajax\"\n\t\t\t\tmethod=\"post\"\n\t\t\t\tdata-forminator-render=\"0\"\n\t\t\t\tdata-form-id=\"937\"\n\t\t\t\t data-color-option=\"theme\" data-design=\"flat\" data-grid=\"open\" style=\"display: none;\"\n\t\t\t\tdata-uid=\"6a02260ebf1db\" action=\"\"\n\t\t\t><div role=\"alert\" aria-live=\"polite\" class=\"forminator-response-message forminator-error\" aria-hidden=\"true\"><\/div><div class=\"forminator-row\"><div id=\"name-1\" class=\"forminator-field-name forminator-col forminator-col-12\"><div class=\"forminator-field\"><label for=\"forminator-field-name-1_6a02260ebf1db\" id=\"forminator-field-name-1_6a02260ebf1db-label\" class=\"forminator-label\">Vorname <span class=\"forminator-required\">*<\/span><\/label><input type=\"text\" name=\"name-1\" value=\"\" placeholder=\"z. B. John\" id=\"forminator-field-name-1_6a02260ebf1db\" class=\"forminator-input forminator-name--field\" aria-required=\"true\" autocomplete=\"name\" \/><\/div><\/div><\/div><div class=\"forminator-row\"><div id=\"name-2\" class=\"forminator-field-name forminator-col forminator-col-12\"><div class=\"forminator-field\"><label for=\"forminator-field-name-2_6a02260ebf1db\" id=\"forminator-field-name-2_6a02260ebf1db-label\" class=\"forminator-label\">Nachname <span class=\"forminator-required\">*<\/span><\/label><input type=\"text\" name=\"name-2\" value=\"\" placeholder=\"z. B. Doe\" id=\"forminator-field-name-2_6a02260ebf1db\" class=\"forminator-input forminator-name--field\" aria-required=\"true\" autocomplete=\"name\" \/><\/div><\/div><\/div><div class=\"forminator-row\"><div id=\"email-1\" class=\"forminator-field-email forminator-col forminator-col-12\"><div class=\"forminator-field\"><label for=\"forminator-field-email-1_6a02260ebf1db\" id=\"forminator-field-email-1_6a02260ebf1db-label\" class=\"forminator-label\">E-Mail-Adresse <span class=\"forminator-required\">*<\/span><\/label><input type=\"email\" name=\"email-1\" value=\"\" placeholder=\"z. B. john@doe.com\" id=\"forminator-field-email-1_6a02260ebf1db\" class=\"forminator-input forminator-email--field\" data-required=\"true\" aria-required=\"true\" autocomplete=\"email\" \/><\/div><\/div><\/div><div class=\"forminator-row\"><div id=\"phone-1\" class=\"forminator-field-phone forminator-col forminator-col-12\"><div class=\"forminator-field\"><label for=\"forminator-field-phone-1_6a02260ebf1db\" id=\"forminator-field-phone-1_6a02260ebf1db-label\" class=\"forminator-label\">Telefonnummer <span class=\"forminator-required\">*<\/span><\/label><input type=\"text\" name=\"phone-1\" value=\"\" placeholder=\"z. B. +1 3004005000\" id=\"forminator-field-phone-1_6a02260ebf1db\" class=\"forminator-input forminator-field--phone\" data-required=\"1\" aria-required=\"true\" autocomplete=\"off\" data-national_mode=\"disabled\" data-country=\"de\" data-validation=\"international\" \/><\/div><\/div><\/div><div class=\"forminator-row\"><div id=\"textarea-1\" class=\"forminator-field-textarea forminator-col forminator-col-12\"><div class=\"forminator-field\"><label for=\"forminator-field-textarea-1_6a02260ebf1db\" id=\"forminator-field-textarea-1_6a02260ebf1db-label\" class=\"forminator-label\">Nachricht<\/label><span id=\"forminator-field-textarea-1_6a02260ebf1db-description\" class=\"forminator-description\"><span data-limit=\"180\" data-type=\"characters\" data-editor=\"\">0 \/ 180<\/span><\/span><textarea name=\"textarea-1\" placeholder=\"Gib deine Nachricht ein...\" id=\"forminator-field-textarea-1_6a02260ebf1db\" class=\"forminator-textarea\" rows=\"6\" style=\"--forminator-textarea-min-height:140px;\" maxlength=\"180\" ><\/textarea><\/div><\/div><\/div><input type=\"hidden\" name=\"referer_url\" value=\"\" \/><div class=\"forminator-row forminator-row-last\"><div class=\"forminator-col\"><div class=\"forminator-field\"><button class=\"forminator-button forminator-button-submit\">Nachricht senden<\/button><\/div><\/div><\/div><input type=\"hidden\" id=\"forminator_nonce\" name=\"forminator_nonce\" value=\"cc97598335\" \/><input type=\"hidden\" name=\"_wp_http_referer\" value=\"\/de\/wp-json\/wp\/v2\/pages\/448\" \/><input type=\"hidden\" name=\"form_id\" value=\"937\"><input type=\"hidden\" name=\"page_id\" value=\"448\"><input type=\"hidden\" name=\"form_type\" value=\"default\"><input type=\"hidden\" name=\"current_url\" value=\"https:\/\/positivelyfluent.com\/de\/contact-us\/\"><input type=\"hidden\" name=\"render_id\" value=\"0\"><input type=\"hidden\" name=\"action\" value=\"forminator_submit_form_custom-forms\"><input type=\"hidden\" name=\"trp-form-language\" value=\"de\"\/><\/form><\/div>\n<\/div>\n\n\n\n<figure class=\"wp-block-image aligncenter size-full\" style=\"margin-top:0\"><img decoding=\"async\" width=\"138\" height=\"149\" src=\"https:\/\/positivelyfluent.com\/wp-content\/uploads\/2025\/02\/hummingbird-transparent.png\" alt=\"\" class=\"wp-image-694\" srcset=\"https:\/\/positivelyfluent.com\/wp-content\/uploads\/2025\/02\/hummingbird-transparent.png 138w, https:\/\/positivelyfluent.com\/wp-content\/uploads\/2025\/02\/hummingbird-transparent-11x12.png 11w\" sizes=\"(max-width: 138px) 100vw, 138px\" \/><\/figure>\n\n\n\n<div class=\"wp-block-group alignfull has-base-background-color has-background has-global-padding is-layout-constrained wp-container-core-group-is-layout-4 wp-block-group-is-layout-constrained cc-hide-on-mobile cc-hide-on-tablet\" style=\"margin-top:0;margin-bottom:0;padding-top:var(--wp--preset--spacing--50);padding-right:var(--wp--preset--spacing--60);padding-bottom:var(--wp--preset--spacing--50);padding-left:var(--wp--preset--spacing--60)\">\n\n\n<div class=\"wp-block-group alignfull has-global-padding is-layout-constrained wp-block-group-is-layout-constrained\" style=\"margin-top:0;margin-bottom:0\">\n<h2 class=\"wp-block-heading alignwide has-text-align-center\">Erfahrungsberichte<\/h2>\n\n\n\n<div class=\"wp-block-columns alignwide is-layout-flex wp-container-core-columns-is-layout-2 wp-block-columns-is-layout-flex\" style=\"padding-right:var(--wp--preset--spacing--80);padding-left:var(--wp--preset--spacing--80)\">\n<div class=\"wp-block-column is-vertically-aligned-center is-style-default is-layout-flow wp-block-column-is-layout-flow\" style=\"padding-top:var(--wp--preset--spacing--40);padding-right:var(--wp--preset--spacing--40);padding-bottom:var(--wp--preset--spacing--40);padding-left:var(--wp--preset--spacing--40);flex-basis:50%\">\n<p class=\"has-text-align-center is-style-default has-medium-font-size\" style=\"line-height:1.1\">Ich kann Biance f\u00fcr Business-Englisch und mehr w\u00e4rmstens empfehlen!<\/p>\n\n\n\n<p>Ich nehme schon seit einiger Zeit Online-Unterricht bei ihr und kann sie nicht genug loben. Ihr Unterrichtsstil ist spannend, klar und genau auf meine Bed\u00fcrfnisse zugeschnitten. Die Lektionen sind \u00e4u\u00dferst praxisnah und decken alles ab \u2013 von professionellen E-Mails bis hin zu selbstbewusster Kommunikation in Meetings.<\/p>\n\n\n\n<p class=\"has-text-align-center is-style-default has-medium-font-size\" style=\"line-height:1.1\">Biance ist geduldig, kompetent und macht das Lernen angenehm. Absolut empfehlenswert!<\/p>\n\n\n\n<p class=\"has-text-align-center is-style-default has-medium-font-size\" style=\"line-height:1.1\">&#8211; Natasha &#8211;<\/p>\n<\/div>\n\n\n\n<div class=\"wp-block-column is-vertically-aligned-center is-layout-flow wp-block-column-is-layout-flow\" style=\"padding-top:var(--wp--preset--spacing--40);padding-right:var(--wp--preset--spacing--40);padding-bottom:var(--wp--preset--spacing--40);padding-left:var(--wp--preset--spacing--40);flex-basis:50%\">\n<p class=\"has-text-align-center has-medium-font-size\" style=\"line-height:1.1\">Der Unterricht ist super strukturiert und macht richtig Spa\u00df! Ich habe den Unterricht mit Biance im Januar 2025 gestartet, um in Gespr\u00e4chen auf Englisch mehr in die Tiefe gehen zu k\u00f6nnen und ich merke schon jetzt deutliche Verbesserungen in meinem Vokabular. Das Tolle ist, dass Biance dabei hilft, Dinge so auszudr\u00fccken, wie es ein Muttersprachler sagen w\u00fcrde &amp; das finde ich besonders hilfreich! Biance hat au\u00dferdem eine richtig positive Ausstrahlung, was die Zusammenarbeit mit ihr besonders angenehm macht. Ich kann Biance von Herzen empfehlen, wenn du dein Englisch auf das n\u00e4chste Level bringen m\u00f6chtest!<\/p>\n\n\n\n<p class=\"has-text-align-center has-medium-font-size\" style=\"line-height:1.1\">&#8211; Larissa &#8211;<\/p>\n<\/div>\n<\/div>\n<\/div>\n<\/div>\n\n\n\n<div class=\"wp-block-group has-base-background-color has-background has-global-padding is-layout-constrained wp-container-core-group-is-layout-7 wp-block-group-is-layout-constrained cc-hide-on-desktop\" style=\"margin-top:0;margin-bottom:0;padding-top:var(--wp--preset--spacing--50);padding-right:var(--wp--preset--spacing--50);padding-bottom:var(--wp--preset--spacing--50);padding-left:var(--wp--preset--spacing--50)\">\n\n\n<div class=\"wp-block-group alignfull has-global-padding is-layout-constrained wp-block-group-is-layout-constrained\" style=\"margin-top:0;margin-bottom:0\">\n<h2 class=\"wp-block-heading alignwide has-text-align-center\">Erfahrungsberichte<\/h2>\n\n\n\n<p class=\"has-text-align-center is-style-default has-medium-font-size\" style=\"line-height:1.1\">Ich kann Biance f\u00fcr Business-Englisch und mehr w\u00e4rmstens empfehlen!<\/p>\n\n\n\n<p>Ich nehme schon seit einiger Zeit Online-Unterricht bei ihr und kann sie nicht genug loben. Ihr Unterrichtsstil ist spannend, klar und genau auf meine Bed\u00fcrfnisse zugeschnitten. Die Lektionen sind \u00e4u\u00dferst praxisnah und decken alles ab \u2013 von professionellen E-Mails bis hin zu selbstbewusster Kommunikation in Meetings.<\/p>\n\n\n\n<p class=\"has-text-align-center is-style-default has-medium-font-size\" style=\"line-height:1.1\">Biance ist geduldig, kompetent und macht das Lernen angenehm. Absolut empfehlenswert!<\/p>\n\n\n\n<p class=\"has-text-align-center\">&#8211; Natasha &#8211;<\/p>\n\n\n\n<div style=\"height:18px\" aria-hidden=\"true\" class=\"wp-block-spacer\"><\/div>\n\n\n\n<p class=\"has-text-align-center has-medium-font-size\" style=\"line-height:1.1\">\u201cVielen Dank, Charl\u00e9. Meine Kinder haben so viel Spa\u00df. Es geht nur um dich \ud83d\ude0a\u201d<\/p>\n\n\n\n<div style=\"height:18px\" aria-hidden=\"true\" class=\"wp-block-spacer\"><\/div>\n\n\n\n<p class=\"has-text-align-center has-medium-font-size\" style=\"line-height:1.1\">Der Unterricht ist super strukturiert und macht richtig Spa\u00df! Ich habe den Unterricht mit Biance im Januar 2025 gestartet, um in Gespr\u00e4chen auf Englisch mehr in die Tiefe gehen zu k\u00f6nnen und ich merke schon jetzt deutliche Verbesserungen in meinem Vokabular. Das Tolle ist, dass Biance dabei hilft, Dinge so auszudr\u00fccken, wie es ein Muttersprachler sagen w\u00fcrde &amp; das finde ich besonders hilfreich! Biance hat au\u00dferdem eine richtig positive Ausstrahlung, was die Zusammenarbeit mit ihr besonders angenehm macht. Ich kann Biance von Herzen empfehlen, wenn du dein Englisch auf das n\u00e4chste Level bringen m\u00f6chtest!<\/p>\n\n\n\n<p class=\"has-text-align-center has-medium-font-size\" style=\"line-height:1.1\">&#8211; Larissa &#8211;<\/p>\n\n\n\n<p><\/p>\n<\/div>\n<\/div>","protected":false},"excerpt":{"rendered":"<p>What people are saying I highly recommend Biance for Business English and more! I&#8217;ve been taking online lessons with her for quite some time, and I can&#8217;t recommend her enough. Her teaching style is engaging, clear, and tailored to my needs. The lessons are incredibly practical, covering everything from professional emails to confident communication in [&hellip;]<\/p>","protected":false},"author":1,"featured_media":0,"parent":0,"menu_order":0,"comment_status":"closed","ping_status":"closed","template":"wp-custom-template-contact-us","meta":{"footnotes":""},"class_list":["post-448","page","type-page","status-publish","hentry"],"yoast_head":"<!-- This site is optimized with the Yoast SEO plugin v24.6 - https:\/\/yoast.com\/wordpress\/plugins\/seo\/ -->\n<title>Contact Us - Positively Fluent<\/title>\n<meta name=\"robots\" content=\"index, follow, max-snippet:-1, max-image-preview:large, max-video-preview:-1\" \/>\n<link rel=\"canonical\" href=\"https:\/\/positivelyfluent.com\/de\/contact-us\/\" \/>\n<meta property=\"og:locale\" content=\"de_DE\" \/>\n<meta property=\"og:type\" content=\"article\" \/>\n<meta property=\"og:title\" content=\"Contact Us - Positively Fluent\" \/>\n<meta property=\"og:description\" content=\"What people are saying I highly recommend Biance for Business English and more! I&#8217;ve been taking online lessons with her for quite some time, and I can&#8217;t recommend her enough. Her teaching style is engaging, clear, and tailored to my needs. The lessons are incredibly practical, covering everything from professional emails to confident communication in [&hellip;]\" \/>\n<meta property=\"og:url\" content=\"https:\/\/positivelyfluent.com\/de\/contact-us\/\" \/>\n<meta property=\"og:site_name\" content=\"Positively Fluent\" \/>\n<meta property=\"article:modified_time\" content=\"2025-03-17T07:21:42+00:00\" \/>\n<meta property=\"og:image\" content=\"https:\/\/positivelyfluent.com\/wp-content\/uploads\/2025\/02\/hummingbird-transparent.png\" \/>\n\t<meta property=\"og:image:width\" content=\"138\" \/>\n\t<meta property=\"og:image:height\" content=\"149\" \/>\n\t<meta property=\"og:image:type\" content=\"image\/png\" \/>\n<meta name=\"twitter:card\" content=\"summary_large_image\" \/>\n<meta name=\"twitter:label1\" content=\"Gesch\u00e4tzte Lesezeit\" \/>\n\t<meta name=\"twitter:data1\" content=\"4\u00a0Minuten\" \/>\n<script type=\"application\/ld+json\" class=\"yoast-schema-graph\">{\"@context\":\"https:\/\/schema.org\",\"@graph\":[{\"@type\":\"WebPage\",\"@id\":\"https:\/\/positivelyfluent.com\/contact-us\/\",\"url\":\"https:\/\/positivelyfluent.com\/contact-us\/\",\"name\":\"Contact Us - Positively Fluent\",\"isPartOf\":{\"@id\":\"https:\/\/positivelyfluent.com\/#website\"},\"primaryImageOfPage\":{\"@id\":\"https:\/\/positivelyfluent.com\/contact-us\/#primaryimage\"},\"image\":{\"@id\":\"https:\/\/positivelyfluent.com\/contact-us\/#primaryimage\"},\"thumbnailUrl\":\"https:\/\/positivelyfluent.com\/wp-content\/uploads\/2025\/02\/hummingbird-transparent.png\",\"datePublished\":\"2025-03-03T07:33:03+00:00\",\"dateModified\":\"2025-03-17T07:21:42+00:00\",\"breadcrumb\":{\"@id\":\"https:\/\/positivelyfluent.com\/contact-us\/#breadcrumb\"},\"inLanguage\":\"de\",\"potentialAction\":[{\"@type\":\"ReadAction\",\"target\":[\"https:\/\/positivelyfluent.com\/contact-us\/\"]}]},{\"@type\":\"ImageObject\",\"inLanguage\":\"de\",\"@id\":\"https:\/\/positivelyfluent.com\/contact-us\/#primaryimage\",\"url\":\"https:\/\/positivelyfluent.com\/wp-content\/uploads\/2025\/02\/hummingbird-transparent.png\",\"contentUrl\":\"https:\/\/positivelyfluent.com\/wp-content\/uploads\/2025\/02\/hummingbird-transparent.png\"},{\"@type\":\"BreadcrumbList\",\"@id\":\"https:\/\/positivelyfluent.com\/contact-us\/#breadcrumb\",\"itemListElement\":[{\"@type\":\"ListItem\",\"position\":1,\"name\":\"Home\",\"item\":\"https:\/\/positivelyfluent.com\/\"},{\"@type\":\"ListItem\",\"position\":2,\"name\":\"Contact Us\"}]},{\"@type\":\"WebSite\",\"@id\":\"https:\/\/positivelyfluent.com\/#website\",\"url\":\"https:\/\/positivelyfluent.com\/\",\"name\":\"Positively Fluent\",\"description\":\"Your Ultimate Destination for English Learning\",\"publisher\":{\"@id\":\"https:\/\/positivelyfluent.com\/#organization\"},\"potentialAction\":[{\"@type\":\"SearchAction\",\"target\":{\"@type\":\"EntryPoint\",\"urlTemplate\":\"https:\/\/positivelyfluent.com\/?s={search_term_string}\"},\"query-input\":{\"@type\":\"PropertyValueSpecification\",\"valueRequired\":true,\"valueName\":\"search_term_string\"}}],\"inLanguage\":\"de\"},{\"@type\":\"Organization\",\"@id\":\"https:\/\/positivelyfluent.com\/#organization\",\"name\":\"Positively Fluent\",\"url\":\"https:\/\/positivelyfluent.com\/\",\"logo\":{\"@type\":\"ImageObject\",\"inLanguage\":\"de\",\"@id\":\"https:\/\/positivelyfluent.com\/#\/schema\/logo\/image\/\",\"url\":\"https:\/\/positivelyfluent.com\/wp-content\/uploads\/2025\/02\/Positively-Fluent-Logo-square-transparent.png\",\"contentUrl\":\"https:\/\/positivelyfluent.com\/wp-content\/uploads\/2025\/02\/Positively-Fluent-Logo-square-transparent.png\",\"width\":500,\"height\":500,\"caption\":\"Positively Fluent\"},\"image\":{\"@id\":\"https:\/\/positivelyfluent.com\/#\/schema\/logo\/image\/\"},\"sameAs\":[\"https:\/\/www.instagram.com\/positivelyfluent?igsh=MXU5b2J4aXFlODdveQ&utm_source=qr\",\"https:\/\/www.tiktok.com\/@positivelyfluent?_t=ZM-8tu1lD7lT42&_r=1\"]}]}<\/script>\n<!-- \/ Yoast SEO plugin. -->","yoast_head_json":{"title":"Contact Us - Positively Fluent","robots":{"index":"index","follow":"follow","max-snippet":"max-snippet:-1","max-image-preview":"max-image-preview:large","max-video-preview":"max-video-preview:-1"},"canonical":"https:\/\/positivelyfluent.com\/de\/contact-us\/","og_locale":"de_DE","og_type":"article","og_title":"Contact Us - Positively Fluent","og_description":"What people are saying I highly recommend Biance for Business English and more! I&#8217;ve been taking online lessons with her for quite some time, and I can&#8217;t recommend her enough. Her teaching style is engaging, clear, and tailored to my needs. The lessons are incredibly practical, covering everything from professional emails to confident communication in [&hellip;]","og_url":"https:\/\/positivelyfluent.com\/de\/contact-us\/","og_site_name":"Positively Fluent","article_modified_time":"2025-03-17T07:21:42+00:00","og_image":[{"width":138,"height":149,"url":"https:\/\/positivelyfluent.com\/wp-content\/uploads\/2025\/02\/hummingbird-transparent.png","type":"image\/png"}],"twitter_card":"summary_large_image","twitter_misc":{"Gesch\u00e4tzte Lesezeit":"4\u00a0Minuten"},"schema":{"@context":"https:\/\/schema.org","@graph":[{"@type":"WebPage","@id":"https:\/\/positivelyfluent.com\/contact-us\/","url":"https:\/\/positivelyfluent.com\/contact-us\/","name":"Contact Us - Positively Fluent","isPartOf":{"@id":"https:\/\/positivelyfluent.com\/#website"},"primaryImageOfPage":{"@id":"https:\/\/positivelyfluent.com\/contact-us\/#primaryimage"},"image":{"@id":"https:\/\/positivelyfluent.com\/contact-us\/#primaryimage"},"thumbnailUrl":"https:\/\/positivelyfluent.com\/wp-content\/uploads\/2025\/02\/hummingbird-transparent.png","datePublished":"2025-03-03T07:33:03+00:00","dateModified":"2025-03-17T07:21:42+00:00","breadcrumb":{"@id":"https:\/\/positivelyfluent.com\/contact-us\/#breadcrumb"},"inLanguage":"de","potentialAction":[{"@type":"ReadAction","target":["https:\/\/positivelyfluent.com\/contact-us\/"]}]},{"@type":"ImageObject","inLanguage":"de","@id":"https:\/\/positivelyfluent.com\/contact-us\/#primaryimage","url":"https:\/\/positivelyfluent.com\/wp-content\/uploads\/2025\/02\/hummingbird-transparent.png","contentUrl":"https:\/\/positivelyfluent.com\/wp-content\/uploads\/2025\/02\/hummingbird-transparent.png"},{"@type":"BreadcrumbList","@id":"https:\/\/positivelyfluent.com\/contact-us\/#breadcrumb","itemListElement":[{"@type":"ListItem","position":1,"name":"Home","item":"https:\/\/positivelyfluent.com\/"},{"@type":"ListItem","position":2,"name":"Contact Us"}]},{"@type":"WebSite","@id":"https:\/\/positivelyfluent.com\/#website","url":"https:\/\/positivelyfluent.com\/","name":"Positively Fluent","description":"Dein Ultimatives Ziel f\u00fcr Englisch lernen","publisher":{"@id":"https:\/\/positivelyfluent.com\/#organization"},"potentialAction":[{"@type":"SearchAction","target":{"@type":"EntryPoint","urlTemplate":"https:\/\/positivelyfluent.com\/?s={search_term_string}"},"query-input":{"@type":"PropertyValueSpecification","valueRequired":true,"valueName":"search_term_string"}}],"inLanguage":"de"},{"@type":"Organization","@id":"https:\/\/positivelyfluent.com\/#organization","name":"Positively Fluent","url":"https:\/\/positivelyfluent.com\/","logo":{"@type":"ImageObject","inLanguage":"de","@id":"https:\/\/positivelyfluent.com\/#\/schema\/logo\/image\/","url":"https:\/\/positivelyfluent.com\/wp-content\/uploads\/2025\/02\/Positively-Fluent-Logo-square-transparent.png","contentUrl":"https:\/\/positivelyfluent.com\/wp-content\/uploads\/2025\/02\/Positively-Fluent-Logo-square-transparent.png","width":500,"height":500,"caption":"Positively Fluent"},"image":{"@id":"https:\/\/positivelyfluent.com\/#\/schema\/logo\/image\/"},"sameAs":["https:\/\/www.instagram.com\/positivelyfluent?igsh=MXU5b2J4aXFlODdveQ&utm_source=qr","https:\/\/www.tiktok.com\/@positivelyfluent?_t=ZM-8tu1lD7lT42&_r=1"]}]}},"_links":{"self":[{"href":"https:\/\/positivelyfluent.com\/de\/wp-json\/wp\/v2\/pages\/448","targetHints":{"allow":["GET"]}}],"collection":[{"href":"https:\/\/positivelyfluent.com\/de\/wp-json\/wp\/v2\/pages"}],"about":[{"href":"https:\/\/positivelyfluent.com\/de\/wp-json\/wp\/v2\/types\/page"}],"author":[{"embeddable":true,"href":"https:\/\/positivelyfluent.com\/de\/wp-json\/wp\/v2\/users\/1"}],"replies":[{"embeddable":true,"href":"https:\/\/positivelyfluent.com\/de\/wp-json\/wp\/v2\/comments?post=448"}],"version-history":[{"count":22,"href":"https:\/\/positivelyfluent.com\/de\/wp-json\/wp\/v2\/pages\/448\/revisions"}],"predecessor-version":[{"id":1007,"href":"https:\/\/positivelyfluent.com\/de\/wp-json\/wp\/v2\/pages\/448\/revisions\/1007"}],"wp:attachment":[{"href":"https:\/\/positivelyfluent.com\/de\/wp-json\/wp\/v2\/media?parent=448"}],"curies":[{"name":"wp","href":"https:\/\/api.w.org\/{rel}","templated":true}]}}